{"id":829,"date":"2018-01-22T11:19:30","date_gmt":"2018-01-22T10:19:30","guid":{"rendered":"http:\/\/sereingeniera.ugr.es\/?page_id=829"},"modified":"2020-01-17T12:17:39","modified_gmt":"2020-01-17T11:17:39","slug":"patrocinio","status":"publish","type":"page","link":"https:\/\/sereingeniera.ugr.es\/index.php\/patrocinio\/","title":{"rendered":"PATROCINIO"},"content":{"rendered":"<h2 style=\"text-align: left;\"><strong>PATROCINADORES<\/strong><\/h2>\n<h3>PRINCIPALES<\/h3>\n<h3>ORO<\/h3>\n<h3>BRONCE<\/h3>\n<h3>PLATA<\/h3>\n<hr size=\"10\" \/>\n<hr size=\"10\" \/>\n<h2 style=\"text-align: center;\">Condiciones de patrocinio<\/h2>\n<p style=\"text-align: justify;\">Este documento describe los detalles de patrocinio del Campus Tecnol\u00f3gico para Chicas 2020 de la Universidad de Granada, cuyo objetivo es introducir a las estudiantes preuniversitarias en el mundo del desarrollo tecnol\u00f3gico, despertando en ellas la vocaci\u00f3n por desarrollar estudios superiores y profesiones de car\u00e1cter tecnol\u00f3gico.<\/p>\n<p style=\"text-align: justify;\">El patrocinio del Campus Tecnol\u00f3gico para Chicas es una buena oportunidad para dar a conocer su empresa dentro del \u00e1mbito nacional y m\u00e1s concretamente dentro del sector de \u00a0\u00a0las TIC y la Universidad.<\/p>\n<h2 style=\"text-align: center;\">Modalidades de patrocinio<\/h2>\n<p style=\"text-align: justify;\">Desde la organizaci\u00f3n ofrecemos las siguientes oportunidades, aunque estamos abiertos a discutir otras formas de patrocinio que se adapten mejor a las necesidades de su entidad.<\/p>\n<h4 style=\"text-align: center;\">Patrocinador principal<\/h4>\n<p style=\"text-align: justify;\">Ser\u00e1n patrocinadores principales las entidades que participen con m\u00e1s de 3.000 euros, quienes podr\u00e1 beneficiarse de las siguientes ventajas:<\/p>\n<ul>\n<li style=\"text-align: justify;\">Inclusi\u00f3n de las referencias oportunas a la entidad en la web oficial, los carteles del Campus, web y camisetas, as\u00ed como en los anuncios en los medios oficiales destacando la condici\u00f3n de patrocinador principal.<\/li>\n<li style=\"text-align: justify;\">Inclusi\u00f3n de referencia a la entidad en todas todas las notas de prensa oficiales que la organizaci\u00f3n publique y distribuya.<\/li>\n<li style=\"text-align: justify;\">\u00adDifusi\u00f3n de la condici\u00f3n de patrocinador a trav\u00e9s de las redes sociales.<\/li>\n<li style=\"text-align: justify;\">\u00adInvitaci\u00f3n para dar una conferencia de 45 minutos de duraci\u00f3n durante la jornada de presentaci\u00f3n de proyectos y clausura del Campus.<\/li>\n<li style=\"text-align: justify;\">Tr\u00e1mite del patrocinio mediante mecenazgo, obteniendo con ello las ventajas fiscales estipuladas en ley.<\/li>\n<li style=\"text-align: justify;\">\u00adPosibilidad de ofrecer contratos y\/o becas a las participantes.<\/li>\n<\/ul>\n<h4 style=\"text-align: center;\">Patrocinador oro<\/h4>\n<p style=\"text-align: justify;\">Ser\u00e1n patrocinadores de oro aquellas entidades que participen con entre 1.000 y 3.000 euros. Este patrocinio permite que las entidades se beneficien de las siguientes ventajas:<\/p>\n<ul>\n<li style=\"text-align: justify;\">Inclusi\u00f3n de las referencias oportunas a entidad en la web oficial, los carteles del Campus, web y camisetas, as\u00ed como en los anuncios en los medios oficiales, destacando la condici\u00f3n de patrocinador.<\/li>\n<li style=\"text-align: justify;\">Inclusi\u00f3n de referencia a la entidad en todas todas las notas de prensa oficiales que la organizaci\u00f3n publique y distribuya.<\/li>\n<li style=\"text-align: justify;\">\u00adDifusi\u00f3n de la condici\u00f3n de patrocinador a trav\u00e9s de las redes sociales.<\/li>\n<li style=\"text-align: justify;\">Tr\u00e1mite del patrocinio mediante mecenazgo, obteniendo con ello las ventajas fiscales estipuladas en ley.<\/li>\n<\/ul>\n<h4 style=\"text-align: center;\">Patrocinador plata<\/h4>\n<p style=\"text-align: justify;\">Ser\u00e1n patrocinadores de plata las entidades que patrocinen la actividad con una cantidad de entre 500 y 1.000 euros. Podr\u00e1n beneficiarse de las siguientes ventajas:<\/p>\n<ul>\n<li style=\"text-align: justify;\">Inclusi\u00f3n de las referencias oportunas a entidad en la web oficial, los carteles del Campus, web y camisetas, as\u00ed como en los anuncios en los medios oficiales, destacando la condici\u00f3n de patrocinador.<\/li>\n<li style=\"text-align: justify;\">Inclusi\u00f3n de referencia a la entidad en todas todas las notas de prensa oficiales que la organizaci\u00f3n publique y distribuya.<\/li>\n<li style=\"text-align: justify;\">Tr\u00e1mite del patrocinio mediante mecenazgo, obteniendo con ello las ventajas fiscales estipuladas en ley.<\/li>\n<\/ul>\n<h4 style=\"text-align: center;\">Patrocinador bronce<\/h4>\n<p style=\"text-align: justify;\">Ser\u00e1n patrocinadores de bronce aquellas entidades que aporten una cantidad comprendida entre 250 y 500 euros. Las ventajas de las que podr\u00e1n beneficiar son las siguientes:<\/p>\n<ul>\n<li style=\"text-align: justify;\">Inclusi\u00f3n de las referencias oportunas a entidad en la web oficial, los carteles del Campus, web y camisetas, as\u00ed como en los anuncios en los medios oficiales.<\/li>\n<\/ul>\n<h4 style=\"text-align: center;\">Patrocinador silicio<\/h4>\n<p style=\"text-align: justify;\">Ser\u00e1n patrocinadores de silicio aquellas entidades que aporten una cantidad inferior a 250 euros. Las ventajas de las que podr\u00e1n beneficiar son las siguientes:<\/p>\n<ul>\n<li style=\"text-align: justify;\">Inclusi\u00f3n de las referencias oportunas a entidad en la web oficial as\u00ed como en los anuncios en los medios oficiales.<\/li>\n<\/ul>\n<table>\n<tbody>\n<tr>\n<td><strong><span style=\"color: #ff0000;\">Nivel<\/span><\/strong><\/td>\n<td><span style=\"color: #ff0000;\"><b>Principal<\/b><\/span><\/td>\n<td><span style=\"color: #ff0000;\"><b>Oro<\/b><\/span><\/td>\n<td><span style=\"color: #ff0000;\"><b>Plata<\/b><\/span><\/td>\n<td><span style=\"color: #ff0000;\"><b>Bronce<\/b><\/span><\/td>\n<td><span style=\"color: #ff0000;\"><b>Silicio<\/b><\/span><\/td>\n<\/tr>\n<tr>\n<td><strong>Aportaci\u00f3n<\/strong><\/td>\n<td><strong>M\u00e1s de 3.000\u20ac<\/strong><\/td>\n<td><strong>De 1.000 a 3.000\u20ac<\/strong><\/td>\n<td><strong>De 500 a 1.000\u20ac<\/strong><\/td>\n<td><strong>De 250 a 500\u20ac<\/strong><\/td>\n<td><strong>Menos de 250\u20ac<\/strong><\/td>\n<\/tr>\n<tr>\n<td>Referencia en web oficial<\/td>\n<td>S\u00ed<\/td>\n<td>S\u00ed<\/td>\n<td>S\u00ed<\/td>\n<td>S\u00ed<\/td>\n<td>S\u00ed<\/td>\n<\/tr>\n<tr>\n<td>Referencia en carteles<\/td>\n<td>S\u00ed<\/td>\n<td>S\u00ed<\/td>\n<td>S\u00ed<\/td>\n<td>S\u00ed<\/td>\n<td><\/td>\n<\/tr>\n<tr>\n<td>Referencia en camisetas<\/td>\n<td>S\u00ed<\/td>\n<td>S\u00ed<\/td>\n<td>S\u00ed<\/td>\n<td>S\u00ed<\/td>\n<td><\/td>\n<\/tr>\n<tr>\n<td>Anuncio en medios oficiales<\/td>\n<td>S\u00ed<\/td>\n<td>S\u00ed<\/td>\n<td>S\u00ed<\/td>\n<td>S\u00ed<\/td>\n<td>S\u00ed<\/td>\n<\/tr>\n<tr>\n<td>Referencia en notas de prensa<\/td>\n<td>S\u00ed<\/td>\n<td>S\u00ed<\/td>\n<td>S\u00ed<\/td>\n<td><\/td>\n<td><\/td>\n<\/tr>\n<tr>\n<td>Difusi\u00f3n en redes sociales<\/td>\n<td>S\u00ed<\/td>\n<td>S\u00ed<\/td>\n<td><\/td>\n<td><\/td>\n<td><\/td>\n<\/tr>\n<tr>\n<td>Conferencia en campus<\/td>\n<td>S\u00ed<\/td>\n<td><\/td>\n<td><\/td>\n<td><\/td>\n<td><\/td>\n<\/tr>\n<tr>\n<td>Tr\u00e1mite mediante mecenazgo<\/td>\n<td>S\u00ed<\/td>\n<td>S\u00ed<\/td>\n<td>S\u00ed<\/td>\n<td><\/td>\n<td><\/td>\n<\/tr>\n<tr>\n<td>Oferta de contratos o becas a participantes<\/td>\n<td>S\u00ed<\/td>\n<td><\/td>\n<td><\/td>\n<td><\/td>\n<td><\/td>\n<\/tr>\n<\/tbody>\n<\/table>\n<h3 style=\"text-align: center;\">Obligaciones<\/h3>\n<p style=\"text-align: justify;\">El patrocinador debe asumir la siguientes obligaciones en concepto del acuerdo de patrocinio:<\/p>\n<ul>\n<li style=\"text-align: justify;\">Las entidades patrocinadoras del Campus Tecnol\u00f3gico para Chicas deben dar su consentimiento a la organizaci\u00f3n para el uso de su imagen y nombre corporativos con fines promocionales.<\/li>\n<li style=\"text-align: justify;\">\u00adLas entidades patrocinadoras deben responder a las peticiones de la organizaci\u00f3n dentro de unos m\u00e1rgenes razonables de tiempo. Deben entenderse que ciertas tareas est\u00e1n sujetas a plazos estrictos de tiempo, tales como el env\u00edo de anuncios a la prensa, que suelen requerir una respuesta \u00e1gil. Si esta no se produce, la organizaci\u00f3n se reserva el derecho de tomar las medidas oportunas.<\/li>\n<li style=\"text-align: justify;\">El n\u00famero de conferencias durante la presentaci\u00f3n final es limitado, por lo tanto las entidades patrocinadoras deben responder dentro del plazo de tiempo especificado por la organizaci\u00f3n si est\u00e1n interesadas en dar una conferencia. La tem\u00e1tica ser\u00e1 acordada entre la organizaci\u00f3n y el conferenciante.<\/li>\n<li style=\"text-align: justify;\">Las entidades patrocinadoras deben coordinar las notas de prensa relacionadas con el Campus con la organizaci\u00f3n.<\/li>\n<\/ul>\n<h3 style=\"text-align: center;\">Contacto<\/h3>\n<p style=\"text-align: justify;\"><b>Oficina de Software Libre de la Universidad de Granada <\/b><\/p>\n<p style=\"text-align: justify;\">Delegaci\u00f3n de la Rectora para la Universidad Digital<\/p>\n<p style=\"text-align: justify;\">C\/ Real de Cartuja, 36\u00ad38. Edificio CEV. Granada, 18010<\/p>\n<p style=\"text-align: justify;\">958 241000 ext. 20207<\/p>\n<p style=\"text-align: justify;\">twitter: @OSLUGR<\/p>\n<p style=\"text-align: justify;\">Directora: \u200b<b>Maria Isabel Garc\u00eda Arenas<\/b><\/p>\n<p style=\"text-align: justify;\">Email: dirosl@ugr.es<\/p>\n<h2 style=\"text-align: center;\"><a href=\"http:\/\/sereingeniera.ugr.es\/wp-content\/uploads\/CondicionesPatrocinioSereingeniera2020.pdf\">DESCARGA CONDICIONES EN PDF<\/a><\/h2>\n<h2><\/h2>\n<h2><\/h2>\n<hr \/>\n<h2><\/h2>\n","protected":false},"excerpt":{"rendered":"<p>PATROCINADORES PRINCIPALES ORO BRONCE PLATA Condiciones de patrocinio Este documento describe los detalles de patrocinio del Campus Tecnol\u00f3gico para Chicas 2020 de la Universidad de Granada, cuyo objetivo es introducir a las estudiantes preuniversitarias en el mundo del desarrollo tecnol\u00f3gico, despertando en ellas la vocaci\u00f3n por desarrollar estudios superiores y profesiones de car\u00e1cter tecnol\u00f3gico. El &hellip; <a href=\"https:\/\/sereingeniera.ugr.es\/index.php\/patrocinio\/\" class=\"more-link\">Seguir leyendo <span class=\"screen-reader-text\">PATROCINIO<\/span> <span class=\"meta-nav\">&rarr;<\/span><\/a><\/p>\n","protected":false},"author":1,"featured_media":0,"parent":0,"menu_order":3,"comment_status":"closed","ping_status":"closed","template":"","meta":{"footnotes":"","_links_to":"","_links_to_target":""},"class_list":["post-829","page","type-page","status-publish","hentry"],"yoast_head":"<!-- This site is optimized with the Yoast SEO plugin v27.5 - https:\/\/yoast.com\/product\/yoast-seo-wordpress\/ -->\n<title>PATROCINIO - Ser\u00e9 Ingeniera<\/title>\n<meta name=\"robots\" content=\"index, follow, max-snippet:-1, max-image-preview:large, max-video-preview:-1\" \/>\n<link rel=\"canonical\" href=\"https:\/\/sereingeniera.ugr.es\/index.php\/patrocinio\/\" \/>\n<meta property=\"og:locale\" content=\"es_ES\" \/>\n<meta property=\"og:type\" content=\"article\" \/>\n<meta property=\"og:title\" content=\"PATROCINIO - Ser\u00e9 Ingeniera\" \/>\n<meta property=\"og:description\" content=\"PATROCINADORES PRINCIPALES ORO BRONCE PLATA Condiciones de patrocinio Este documento describe los detalles de patrocinio del Campus Tecnol\u00f3gico para Chicas 2020 de la Universidad de Granada, cuyo objetivo es introducir a las estudiantes preuniversitarias en el mundo del desarrollo tecnol\u00f3gico, despertando en ellas la vocaci\u00f3n por desarrollar estudios superiores y profesiones de car\u00e1cter tecnol\u00f3gico. El &hellip; Seguir leyendo PATROCINIO &rarr;\" \/>\n<meta property=\"og:url\" content=\"https:\/\/sereingeniera.ugr.es\/index.php\/patrocinio\/\" \/>\n<meta property=\"og:site_name\" content=\"Ser\u00e9 Ingeniera\" \/>\n<meta property=\"article:modified_time\" content=\"2020-01-17T11:17:39+00:00\" \/>\n<meta name=\"twitter:card\" content=\"summary_large_image\" \/>\n<meta name=\"twitter:label1\" content=\"Tiempo de lectura\" \/>\n\t<meta name=\"twitter:data1\" content=\"4 minutos\" \/>\n<script type=\"application\/ld+json\" class=\"yoast-schema-graph\">{\"@context\":\"https:\\\/\\\/schema.org\",\"@graph\":[{\"@type\":\"WebPage\",\"@id\":\"https:\\\/\\\/sereingeniera.ugr.es\\\/index.php\\\/patrocinio\\\/\",\"url\":\"https:\\\/\\\/sereingeniera.ugr.es\\\/index.php\\\/patrocinio\\\/\",\"name\":\"PATROCINIO - Ser\u00e9 Ingeniera\",\"isPartOf\":{\"@id\":\"https:\\\/\\\/sereingeniera.ugr.es\\\/#website\"},\"datePublished\":\"2018-01-22T10:19:30+00:00\",\"dateModified\":\"2020-01-17T11:17:39+00:00\",\"breadcrumb\":{\"@id\":\"https:\\\/\\\/sereingeniera.ugr.es\\\/index.php\\\/patrocinio\\\/#breadcrumb\"},\"inLanguage\":\"es\",\"potentialAction\":[{\"@type\":\"ReadAction\",\"target\":[\"https:\\\/\\\/sereingeniera.ugr.es\\\/index.php\\\/patrocinio\\\/\"]}]},{\"@type\":\"BreadcrumbList\",\"@id\":\"https:\\\/\\\/sereingeniera.ugr.es\\\/index.php\\\/patrocinio\\\/#breadcrumb\",\"itemListElement\":[{\"@type\":\"ListItem\",\"position\":1,\"name\":\"Portada\",\"item\":\"https:\\\/\\\/sereingeniera.ugr.es\\\/\"},{\"@type\":\"ListItem\",\"position\":2,\"name\":\"PATROCINIO\"}]},{\"@type\":\"WebSite\",\"@id\":\"https:\\\/\\\/sereingeniera.ugr.es\\\/#website\",\"url\":\"https:\\\/\\\/sereingeniera.ugr.es\\\/\",\"name\":\"Ser\u00e9 Ingeniera\",\"description\":\"\",\"potentialAction\":[{\"@type\":\"SearchAction\",\"target\":{\"@type\":\"EntryPoint\",\"urlTemplate\":\"https:\\\/\\\/sereingeniera.ugr.es\\\/?s={search_term_string}\"},\"query-input\":{\"@type\":\"PropertyValueSpecification\",\"valueRequired\":true,\"valueName\":\"search_term_string\"}}],\"inLanguage\":\"es\"}]}<\/script>\n<!-- \/ Yoast SEO plugin. -->","yoast_head_json":{"title":"PATROCINIO - Ser\u00e9 Ingeniera","robots":{"index":"index","follow":"follow","max-snippet":"max-snippet:-1","max-image-preview":"max-image-preview:large","max-video-preview":"max-video-preview:-1"},"canonical":"https:\/\/sereingeniera.ugr.es\/index.php\/patrocinio\/","og_locale":"es_ES","og_type":"article","og_title":"PATROCINIO - Ser\u00e9 Ingeniera","og_description":"PATROCINADORES PRINCIPALES ORO BRONCE PLATA Condiciones de patrocinio Este documento describe los detalles de patrocinio del Campus Tecnol\u00f3gico para Chicas 2020 de la Universidad de Granada, cuyo objetivo es introducir a las estudiantes preuniversitarias en el mundo del desarrollo tecnol\u00f3gico, despertando en ellas la vocaci\u00f3n por desarrollar estudios superiores y profesiones de car\u00e1cter tecnol\u00f3gico. El &hellip; Seguir leyendo PATROCINIO &rarr;","og_url":"https:\/\/sereingeniera.ugr.es\/index.php\/patrocinio\/","og_site_name":"Ser\u00e9 Ingeniera","article_modified_time":"2020-01-17T11:17:39+00:00","twitter_card":"summary_large_image","twitter_misc":{"Tiempo de lectura":"4 minutos"},"schema":{"@context":"https:\/\/schema.org","@graph":[{"@type":"WebPage","@id":"https:\/\/sereingeniera.ugr.es\/index.php\/patrocinio\/","url":"https:\/\/sereingeniera.ugr.es\/index.php\/patrocinio\/","name":"PATROCINIO - Ser\u00e9 Ingeniera","isPartOf":{"@id":"https:\/\/sereingeniera.ugr.es\/#website"},"datePublished":"2018-01-22T10:19:30+00:00","dateModified":"2020-01-17T11:17:39+00:00","breadcrumb":{"@id":"https:\/\/sereingeniera.ugr.es\/index.php\/patrocinio\/#breadcrumb"},"inLanguage":"es","potentialAction":[{"@type":"ReadAction","target":["https:\/\/sereingeniera.ugr.es\/index.php\/patrocinio\/"]}]},{"@type":"BreadcrumbList","@id":"https:\/\/sereingeniera.ugr.es\/index.php\/patrocinio\/#breadcrumb","itemListElement":[{"@type":"ListItem","position":1,"name":"Portada","item":"https:\/\/sereingeniera.ugr.es\/"},{"@type":"ListItem","position":2,"name":"PATROCINIO"}]},{"@type":"WebSite","@id":"https:\/\/sereingeniera.ugr.es\/#website","url":"https:\/\/sereingeniera.ugr.es\/","name":"Ser\u00e9 Ingeniera","description":"","potentialAction":[{"@type":"SearchAction","target":{"@type":"EntryPoint","urlTemplate":"https:\/\/sereingeniera.ugr.es\/?s={search_term_string}"},"query-input":{"@type":"PropertyValueSpecification","valueRequired":true,"valueName":"search_term_string"}}],"inLanguage":"es"}]}},"_links":{"self":[{"href":"https:\/\/sereingeniera.ugr.es\/index.php\/wp-json\/wp\/v2\/pages\/829","targetHints":{"allow":["GET"]}}],"collection":[{"href":"https:\/\/sereingeniera.ugr.es\/index.php\/wp-json\/wp\/v2\/pages"}],"about":[{"href":"https:\/\/sereingeniera.ugr.es\/index.php\/wp-json\/wp\/v2\/types\/page"}],"author":[{"embeddable":true,"href":"https:\/\/sereingeniera.ugr.es\/index.php\/wp-json\/wp\/v2\/users\/1"}],"replies":[{"embeddable":true,"href":"https:\/\/sereingeniera.ugr.es\/index.php\/wp-json\/wp\/v2\/comments?post=829"}],"version-history":[{"count":42,"href":"https:\/\/sereingeniera.ugr.es\/index.php\/wp-json\/wp\/v2\/pages\/829\/revisions"}],"predecessor-version":[{"id":1990,"href":"https:\/\/sereingeniera.ugr.es\/index.php\/wp-json\/wp\/v2\/pages\/829\/revisions\/1990"}],"wp:attachment":[{"href":"https:\/\/sereingeniera.ugr.es\/index.php\/wp-json\/wp\/v2\/media?parent=829"}],"curies":[{"name":"wp","href":"https:\/\/api.w.org\/{rel}","templated":true}]}}