{"id":791,"date":"2018-01-18T08:56:32","date_gmt":"2018-01-18T07:56:32","guid":{"rendered":"http:\/\/sereingeniera.ugr.es\/?page_id=791"},"modified":"2019-05-09T10:51:26","modified_gmt":"2019-05-09T09:51:26","slug":"entidades","status":"publish","type":"page","link":"https:\/\/sereingeniera.ugr.es\/index.php\/entidades\/","title":{"rendered":"ENTIDADES 2018"},"content":{"rendered":"<h3><a href=\"http:\/\/ugr.es\" target=\"_blank\" rel=\"noopener\">Universidad de Granada<\/a><\/h3>\n<p><a href=\"http:\/\/ugr.es\"><img loading=\"lazy\" decoding=\"async\" class=\"aligncenter wp-image-792\" src=\"http:\/\/sereingeniera.ugr.es\/wp-content\/uploads\/2018\/01\/LogoUGR-150x150.jpg\" alt=\"Logo UGR\" width=\"200\" height=\"200\" srcset=\"https:\/\/sereingeniera.ugr.es\/wp-content\/uploads\/2018\/01\/LogoUGR-150x150.jpg 150w, https:\/\/sereingeniera.ugr.es\/wp-content\/uploads\/2018\/01\/LogoUGR-300x300.jpg 300w, https:\/\/sereingeniera.ugr.es\/wp-content\/uploads\/2018\/01\/LogoUGR-768x768.jpg 768w, https:\/\/sereingeniera.ugr.es\/wp-content\/uploads\/2018\/01\/LogoUGR-1024x1024.jpg 1024w, https:\/\/sereingeniera.ugr.es\/wp-content\/uploads\/2018\/01\/LogoUGR.jpg 1200w\" sizes=\"auto, (max-width: 200px) 100vw, 200px\" \/><\/a><\/p>\n<p style=\"text-align: justify;\">La Universidad de Granada ha organizado ya cinco ediciones del <strong>Campus Tecnol\u00f3gico<\/strong> y tres ediciones de la <strong>Jornada Docente<\/strong>, habiendo obtenido en ambos proyectos una elevada aceptaci\u00f3n y participaci\u00f3n tanto de profesionales, empresas y entidades oficiales as\u00ed como de diferentes miembros de la comunidad educativa. Adem\u00e1s, la UGR participa activamente en los <strong>Campus Cient\u00edficos de Verano<\/strong>, organiza los <strong>Campus Infantiles de Software Libre<\/strong>, acoge la iniciativa <strong>Geek &amp; Tech Girls<\/strong>, impulsa el programa de divulgaci\u00f3n A <strong>Ciencia Cerca<\/strong>, organiza el proyecto <strong>Imagina Descubre Crea<\/strong>, participa en <strong>La Noche <\/strong><strong>Europea de los Investigadores<\/strong>, promueve el programa <strong>Ciencia y Sociedad<\/strong> y, en general, es muy activa en divulgaci\u00f3n.<\/p>\n<p>Adem\u00e1s, en este proyecto participan todas las empresas que de alguna forma y en mayor o menor medida han patrocinado el Campus Tecnol\u00f3gico y que gracias a ellas, este proyecto sigue vivo despu\u00e9s de seis a\u00f1os de existencia.<br \/>\n<!--\n&nbsp;\n\n\n<h3><span style=\"display: inline-block; width: 0px; overflow: hidden; line-height: 0;\" data-mce-type=\"bookmark\" class=\"mce_SELRES_start\"><\/span><a href=\"https:\/\/www.upo.es\/\">Universidad Pablo de Olavide<\/a><\/h3>\n\n\n<a href=\"https:\/\/www.upo.es\/\"><img loading=\"lazy\" decoding=\"async\" class=\"aligncenter wp-image-794 size-medium\" src=\"http:\/\/sereingeniera.ugr.es\/wp-content\/uploads\/2018\/01\/UPO-300x152.png\" alt=\"Logo Universidad Pablo Olavide\" width=\"300\" height=\"152\" srcset=\"https:\/\/sereingeniera.ugr.es\/wp-content\/uploads\/2018\/01\/UPO-300x152.png 300w, https:\/\/sereingeniera.ugr.es\/wp-content\/uploads\/2018\/01\/UPO.png 315w\" sizes=\"auto, (max-width: 300px) 100vw, 300px\" \/><\/a>\n\n\n<p style=\"text-align: justify;\">La Universidad Pablo de Olavide participa todos los a\u00f1os en <strong>Caf\u00e9 con Ciencia<\/strong>. <strong>Mujeres Andaluzas en la Ciencia<\/strong> -actividad que organiza la Fundaci\u00f3n Descubre con el apoyo de la Junta de Andaluc\u00eda, en la que investigadoras andaluzas se sientan a conversar con estudiantes con el objeto de que las ni\u00f1as puedan tener referentes femeninos en la ciencia. Por otro lado, la UPO tiene un alto compromiso con la divulgaci\u00f3n de la ciencia, prueba de ello es la organizaci\u00f3n de la <strong>Semana Europea de la Ciencia<\/strong>, el mayor evento anual de divulgaci\u00f3n de la ciencia y la tecnolog\u00eda a nivel europeo, y su participaci\u00f3n en la <strong>Noche Europea de los investigadores<\/strong> de Sevilla 2017. Todas las actividades relacionadas con la divulgaci\u00f3n cient\u00edfica en las que la UPO ha participado se encuentran disponibles en: <a href=\"http:\/\/sl.ugr.es\/divulgaUPO\">DivulgaUPO<\/a>.<\/p>\n\n\n&nbsp;\n\n&nbsp;\n\n\n<h3><a href=\"http:\/\/www10.ujaen.es\/\">Universidad de Ja\u00e9n<\/a><\/h3>\n\n\n<a href=\"http:\/\/www10.ujaen.es\/\"><img loading=\"lazy\" decoding=\"async\" class=\"aligncenter wp-image-793 size-medium\" src=\"http:\/\/sereingeniera.ugr.es\/wp-content\/uploads\/2018\/01\/UJA-300x152.png\" alt=\"Logo Universidad de Ja\u00e9n\" width=\"300\" height=\"152\" srcset=\"https:\/\/sereingeniera.ugr.es\/wp-content\/uploads\/2018\/01\/UJA-300x152.png 300w, https:\/\/sereingeniera.ugr.es\/wp-content\/uploads\/2018\/01\/UJA.png 315w\" sizes=\"auto, (max-width: 300px) 100vw, 300px\" \/><\/a>\n\n\n<p style=\"text-align: justify;\">Algunas de las actividades realizadas en el \u00faltimo a\u00f1o en el \u00e1rea de la tecnolog\u00eda son: <strong>\u00a1La Ingenier\u00eda es divertida!<\/strong> para alumnos de primaria, <strong>La hora del C\u00f3digo<\/strong>, Acercando la Ingenier\u00eda a la Sociedad (un taller interactivo durante el d\u00eda de la Ingenier\u00eda), Taller de Ingenier\u00eda <strong>I love engineering<\/strong> dirigido a estudiantes de infantil y primaria (1o y 2o ciclo) y Taller de Ingenier\u00eda <strong>La ingenier\u00eda y la Ciencia Mueven mi Mundo<\/strong> dirigido a estudiantes de tercer ciclo de primaria. De igual forma, la Universidad de Ja\u00e9n ha participado en las diferentes ediciones de <strong>La Noche Europea de los investigadores<\/strong> con actividades de divulgaci\u00f3n relacionadas con la tecnolog\u00eda.<\/p>\n\n\n--><\/p>\n","protected":false},"excerpt":{"rendered":"<p>Universidad de Granada La Universidad de Granada ha organizado ya cinco ediciones del Campus Tecnol\u00f3gico y tres ediciones de la Jornada Docente, habiendo obtenido en ambos proyectos una elevada aceptaci\u00f3n y participaci\u00f3n tanto de profesionales, empresas y entidades oficiales as\u00ed como de diferentes miembros de la comunidad educativa. Adem\u00e1s, la UGR participa activamente en los &hellip; <a href=\"https:\/\/sereingeniera.ugr.es\/index.php\/entidades\/\" class=\"more-link\">Seguir leyendo <span class=\"screen-reader-text\">ENTIDADES 2018<\/span> <span class=\"meta-nav\">&rarr;<\/span><\/a><\/p>\n","protected":false},"author":1,"featured_media":0,"parent":0,"menu_order":2,"comment_status":"closed","ping_status":"closed","template":"","meta":{"footnotes":"","_links_to":"","_links_to_target":""},"class_list":["post-791","page","type-page","status-publish","hentry"],"yoast_head":"<!-- This site is optimized with the Yoast SEO plugin v27.6 - https:\/\/yoast.com\/product\/yoast-seo-wordpress\/ -->\n<title>ENTIDADES 2018 - Ser\u00e9 Ingeniera<\/title>\n<meta name=\"robots\" content=\"index, follow, max-snippet:-1, max-image-preview:large, max-video-preview:-1\" \/>\n<link rel=\"canonical\" href=\"https:\/\/sereingeniera.ugr.es\/index.php\/entidades\/\" \/>\n<meta property=\"og:locale\" content=\"es_ES\" \/>\n<meta property=\"og:type\" content=\"article\" \/>\n<meta property=\"og:title\" content=\"ENTIDADES 2018 - Ser\u00e9 Ingeniera\" \/>\n<meta property=\"og:description\" content=\"Universidad de Granada La Universidad de Granada ha organizado ya cinco ediciones del Campus Tecnol\u00f3gico y tres ediciones de la Jornada Docente, habiendo obtenido en ambos proyectos una elevada aceptaci\u00f3n y participaci\u00f3n tanto de profesionales, empresas y entidades oficiales as\u00ed como de diferentes miembros de la comunidad educativa. Adem\u00e1s, la UGR participa activamente en los &hellip; Seguir leyendo ENTIDADES 2018 &rarr;\" \/>\n<meta property=\"og:url\" content=\"https:\/\/sereingeniera.ugr.es\/index.php\/entidades\/\" \/>\n<meta property=\"og:site_name\" content=\"Ser\u00e9 Ingeniera\" \/>\n<meta property=\"article:modified_time\" content=\"2019-05-09T09:51:26+00:00\" \/>\n<meta property=\"og:image\" content=\"http:\/\/sereingeniera.ugr.es\/wp-content\/uploads\/2018\/01\/LogoUGR-150x150.jpg\" \/>\n<meta name=\"twitter:card\" content=\"summary_large_image\" \/>\n<meta name=\"twitter:label1\" content=\"Tiempo de lectura\" \/>\n\t<meta name=\"twitter:data1\" content=\"1 minuto\" \/>\n<script type=\"application\/ld+json\" class=\"yoast-schema-graph\">{\"@context\":\"https:\\\/\\\/schema.org\",\"@graph\":[{\"@type\":\"WebPage\",\"@id\":\"https:\\\/\\\/sereingeniera.ugr.es\\\/index.php\\\/entidades\\\/\",\"url\":\"https:\\\/\\\/sereingeniera.ugr.es\\\/index.php\\\/entidades\\\/\",\"name\":\"ENTIDADES 2018 - Ser\u00e9 Ingeniera\",\"isPartOf\":{\"@id\":\"https:\\\/\\\/sereingeniera.ugr.es\\\/#website\"},\"primaryImageOfPage\":{\"@id\":\"https:\\\/\\\/sereingeniera.ugr.es\\\/index.php\\\/entidades\\\/#primaryimage\"},\"image\":{\"@id\":\"https:\\\/\\\/sereingeniera.ugr.es\\\/index.php\\\/entidades\\\/#primaryimage\"},\"thumbnailUrl\":\"http:\\\/\\\/sereingeniera.ugr.es\\\/wp-content\\\/uploads\\\/2018\\\/01\\\/LogoUGR-150x150.jpg\",\"datePublished\":\"2018-01-18T07:56:32+00:00\",\"dateModified\":\"2019-05-09T09:51:26+00:00\",\"breadcrumb\":{\"@id\":\"https:\\\/\\\/sereingeniera.ugr.es\\\/index.php\\\/entidades\\\/#breadcrumb\"},\"inLanguage\":\"es\",\"potentialAction\":[{\"@type\":\"ReadAction\",\"target\":[\"https:\\\/\\\/sereingeniera.ugr.es\\\/index.php\\\/entidades\\\/\"]}]},{\"@type\":\"ImageObject\",\"inLanguage\":\"es\",\"@id\":\"https:\\\/\\\/sereingeniera.ugr.es\\\/index.php\\\/entidades\\\/#primaryimage\",\"url\":\"https:\\\/\\\/sereingeniera.ugr.es\\\/wp-content\\\/uploads\\\/2018\\\/01\\\/LogoUGR.jpg\",\"contentUrl\":\"https:\\\/\\\/sereingeniera.ugr.es\\\/wp-content\\\/uploads\\\/2018\\\/01\\\/LogoUGR.jpg\",\"width\":1200,\"height\":1200},{\"@type\":\"BreadcrumbList\",\"@id\":\"https:\\\/\\\/sereingeniera.ugr.es\\\/index.php\\\/entidades\\\/#breadcrumb\",\"itemListElement\":[{\"@type\":\"ListItem\",\"position\":1,\"name\":\"Portada\",\"item\":\"https:\\\/\\\/sereingeniera.ugr.es\\\/\"},{\"@type\":\"ListItem\",\"position\":2,\"name\":\"ENTIDADES 2018\"}]},{\"@type\":\"WebSite\",\"@id\":\"https:\\\/\\\/sereingeniera.ugr.es\\\/#website\",\"url\":\"https:\\\/\\\/sereingeniera.ugr.es\\\/\",\"name\":\"Ser\u00e9 Ingeniera\",\"description\":\"\",\"potentialAction\":[{\"@type\":\"SearchAction\",\"target\":{\"@type\":\"EntryPoint\",\"urlTemplate\":\"https:\\\/\\\/sereingeniera.ugr.es\\\/?s={search_term_string}\"},\"query-input\":{\"@type\":\"PropertyValueSpecification\",\"valueRequired\":true,\"valueName\":\"search_term_string\"}}],\"inLanguage\":\"es\"}]}<\/script>\n<!-- \/ Yoast SEO plugin. -->","yoast_head_json":{"title":"ENTIDADES 2018 - Ser\u00e9 Ingeniera","robots":{"index":"index","follow":"follow","max-snippet":"max-snippet:-1","max-image-preview":"max-image-preview:large","max-video-preview":"max-video-preview:-1"},"canonical":"https:\/\/sereingeniera.ugr.es\/index.php\/entidades\/","og_locale":"es_ES","og_type":"article","og_title":"ENTIDADES 2018 - Ser\u00e9 Ingeniera","og_description":"Universidad de Granada La Universidad de Granada ha organizado ya cinco ediciones del Campus Tecnol\u00f3gico y tres ediciones de la Jornada Docente, habiendo obtenido en ambos proyectos una elevada aceptaci\u00f3n y participaci\u00f3n tanto de profesionales, empresas y entidades oficiales as\u00ed como de diferentes miembros de la comunidad educativa. Adem\u00e1s, la UGR participa activamente en los &hellip; Seguir leyendo ENTIDADES 2018 &rarr;","og_url":"https:\/\/sereingeniera.ugr.es\/index.php\/entidades\/","og_site_name":"Ser\u00e9 Ingeniera","article_modified_time":"2019-05-09T09:51:26+00:00","og_image":[{"url":"http:\/\/sereingeniera.ugr.es\/wp-content\/uploads\/2018\/01\/LogoUGR-150x150.jpg","type":"","width":"","height":""}],"twitter_card":"summary_large_image","twitter_misc":{"Tiempo de lectura":"1 minuto"},"schema":{"@context":"https:\/\/schema.org","@graph":[{"@type":"WebPage","@id":"https:\/\/sereingeniera.ugr.es\/index.php\/entidades\/","url":"https:\/\/sereingeniera.ugr.es\/index.php\/entidades\/","name":"ENTIDADES 2018 - Ser\u00e9 Ingeniera","isPartOf":{"@id":"https:\/\/sereingeniera.ugr.es\/#website"},"primaryImageOfPage":{"@id":"https:\/\/sereingeniera.ugr.es\/index.php\/entidades\/#primaryimage"},"image":{"@id":"https:\/\/sereingeniera.ugr.es\/index.php\/entidades\/#primaryimage"},"thumbnailUrl":"http:\/\/sereingeniera.ugr.es\/wp-content\/uploads\/2018\/01\/LogoUGR-150x150.jpg","datePublished":"2018-01-18T07:56:32+00:00","dateModified":"2019-05-09T09:51:26+00:00","breadcrumb":{"@id":"https:\/\/sereingeniera.ugr.es\/index.php\/entidades\/#breadcrumb"},"inLanguage":"es","potentialAction":[{"@type":"ReadAction","target":["https:\/\/sereingeniera.ugr.es\/index.php\/entidades\/"]}]},{"@type":"ImageObject","inLanguage":"es","@id":"https:\/\/sereingeniera.ugr.es\/index.php\/entidades\/#primaryimage","url":"https:\/\/sereingeniera.ugr.es\/wp-content\/uploads\/2018\/01\/LogoUGR.jpg","contentUrl":"https:\/\/sereingeniera.ugr.es\/wp-content\/uploads\/2018\/01\/LogoUGR.jpg","width":1200,"height":1200},{"@type":"BreadcrumbList","@id":"https:\/\/sereingeniera.ugr.es\/index.php\/entidades\/#breadcrumb","itemListElement":[{"@type":"ListItem","position":1,"name":"Portada","item":"https:\/\/sereingeniera.ugr.es\/"},{"@type":"ListItem","position":2,"name":"ENTIDADES 2018"}]},{"@type":"WebSite","@id":"https:\/\/sereingeniera.ugr.es\/#website","url":"https:\/\/sereingeniera.ugr.es\/","name":"Ser\u00e9 Ingeniera","description":"","potentialAction":[{"@type":"SearchAction","target":{"@type":"EntryPoint","urlTemplate":"https:\/\/sereingeniera.ugr.es\/?s={search_term_string}"},"query-input":{"@type":"PropertyValueSpecification","valueRequired":true,"valueName":"search_term_string"}}],"inLanguage":"es"}]}},"_links":{"self":[{"href":"https:\/\/sereingeniera.ugr.es\/index.php\/wp-json\/wp\/v2\/pages\/791","targetHints":{"allow":["GET"]}}],"collection":[{"href":"https:\/\/sereingeniera.ugr.es\/index.php\/wp-json\/wp\/v2\/pages"}],"about":[{"href":"https:\/\/sereingeniera.ugr.es\/index.php\/wp-json\/wp\/v2\/types\/page"}],"author":[{"embeddable":true,"href":"https:\/\/sereingeniera.ugr.es\/index.php\/wp-json\/wp\/v2\/users\/1"}],"replies":[{"embeddable":true,"href":"https:\/\/sereingeniera.ugr.es\/index.php\/wp-json\/wp\/v2\/comments?post=791"}],"version-history":[{"count":12,"href":"https:\/\/sereingeniera.ugr.es\/index.php\/wp-json\/wp\/v2\/pages\/791\/revisions"}],"predecessor-version":[{"id":1534,"href":"https:\/\/sereingeniera.ugr.es\/index.php\/wp-json\/wp\/v2\/pages\/791\/revisions\/1534"}],"wp:attachment":[{"href":"https:\/\/sereingeniera.ugr.es\/index.php\/wp-json\/wp\/v2\/media?parent=791"}],"curies":[{"name":"wp","href":"https:\/\/api.w.org\/{rel}","templated":true}]}}