{"id":4079,"date":"2025-06-05T09:49:23","date_gmt":"2025-06-05T08:49:23","guid":{"rendered":"https:\/\/sereingeniera.ugr.es\/?page_id=4079"},"modified":"2025-06-05T09:49:23","modified_gmt":"2025-06-05T08:49:23","slug":"codigo-de-conducta","status":"publish","type":"page","link":"https:\/\/sereingeniera.ugr.es\/index.php\/codigo-de-conducta\/","title":{"rendered":"C\u00f3digo de Conducta"},"content":{"rendered":"\n<p id=\"block-a071f4b9-b705-4480-973e-98f71915b2b9\">El Campus tecnol\u00f3gico Ser\u00e9 Ingeniera quiere asegurarse que todas las chicas que participan en dicho campus tengan una experiencia positiva de aprendizaje. Para ello, se espera que quien participe muestre respeto y cortes\u00eda hacia el resto.<\/p>\n\n\n\n<p id=\"block-15f8e1a9-b227-4c2d-8a45-359cc668bab7\">Al participar, te comprometes a fomentar una experiencia libre de acoso para todas las personas, sin importar su edad, cuerpo, capacidades, etnia, identidad o expresi\u00f3n de g\u00e9nero, orientaci\u00f3n sexual, experiencia, nivel educativo, situaci\u00f3n econ\u00f3mica, nacionalidad, religi\u00f3n, apariencia o cualquier otra caracter\u00edstica personal.<\/p>\n\n\n\n<p id=\"block-ed4d2103-19d9-467e-b8cb-12236880b9bc\">Este C\u00f3digo de Conducta define qu\u00e9 comportamientos se esperan, cu\u00e1les no se toleran y qu\u00e9 mecanismos existen para actuar ante situaciones inadecuadas.<\/p>\n\n\n\n<h2 class=\"wp-block-heading\" id=\"block-199843e7-f68a-4605-859d-a64f8cde722c\">\u00bfPor qu\u00e9 un c\u00f3digo de conducta?<\/h2>\n\n\n\n<p id=\"block-b9035a93-9644-41e8-83f0-131e15d4ad3d\">El tener unas normas claras:<\/p>\n\n\n\n<ul id=\"block-fcd732d1-dc84-46f0-bc9b-a44290b4cb7b\" class=\"wp-block-list\">\n<li>Evita ambig\u00fcedades.<\/li>\n\n\n\n<li>Genera confianza, especialmente cuando alguien necesita reportar un incidente. Sabr\u00e1 que ser\u00e1 escuchada y no cuestionada.<\/li>\n\n\n\n<li>Generar\u00e1 un espacio en donde todas son bienvenidas.<\/li>\n<\/ul>\n\n\n\n<h2 class=\"wp-block-heading\" id=\"block-db1b4b3e-a1b6-431a-96b9-94a6b026a969\">Alcance<\/h2>\n\n\n\n<p id=\"block-d5df9b8e-1eed-400f-9193-6b21e3f10cfe\">Este c\u00f3digo de conducta se aplica a todas las personas que participen. Tambi\u00e9n incluye situaciones en las que act\u00faan las profesoras.<\/p>\n\n\n\n<h2 class=\"wp-block-heading\" id=\"block-86a83368-bc34-4e5c-ac41-d9bb9b984de6\">Nuestros est\u00e1ndares<\/h2>\n\n\n\n<h4 class=\"wp-block-heading\" id=\"block-81b64ddb-c8be-47f7-bbc9-ec3ad3368a0b\">Ejemplos de comportamiento que contribuyen a crear un ambiente positivo:<\/h4>\n\n\n\n<ul id=\"block-112ea44f-25fb-4a97-9da2-d3868d5f1335\" class=\"wp-block-list\">\n<li>Demostrar empat\u00eda y amabilidad ante otras personas. Recuerda que las bromas sexistas, racistas o discriminatorias no son apropiadas.<\/li>\n\n\n\n<li>Respeto a diferentes opiniones, puntos de vista y experiencias.<\/li>\n\n\n\n<li>Dar y aceptar adecuadamente retroalimentaci\u00f3n constructiva.<\/li>\n\n\n\n<li>Aceptar la responsabilidad y disculparse ante quienes se vean afectados por nuestros errores, aprendiendo de la experiencia.<\/li>\n\n\n\n<li>Centrarse en lo que sea mejor para nosotros como individuos, sino para la comunidad en general.<\/li>\n\n\n\n<li>Escuchar activamente y permitir que todas las personas tengan oportunidad de participar.<\/li>\n\n\n\n<li>Hacer preguntas sin miedo.<\/li>\n\n\n\n<li>Ayudar a quienes lo necesiten, sin hacerles sentir mal.<\/li>\n\n\n\n<li>Usar un lenguaje respetuoso.<\/li>\n\n\n\n<li>Pedir turno para hablar y no interrumpir.<\/li>\n\n\n\n<li>En caso de necesitar material, pedirlo a las profesoras, ellas son las \u00fanicas que tienen acceso.<\/li>\n\n\n\n<li>En caso de tener que soldar, pedir a la profesora que os acompa\u00f1e. Siempre tiene que haber una supervisora por grupo que est\u00e1 soldando.<\/li>\n<\/ul>\n\n\n\n<h4 class=\"wp-block-heading\" id=\"block-35e1e323-d855-4039-a891-428e409f49a5\">Ejemplos de comportamientos inaceptables:<\/h4>\n\n\n\n<ul id=\"block-e885d369-656d-4f71-b9bf-aedfcec891cb\" class=\"wp-block-list\">\n<li>Actitudes discriminatorias por raza, orientaci\u00f3n sexual, religi\u00f3n, discapacidad edad o cualquier otra condici\u00f3n.<\/li>\n\n\n\n<li>Mostrar im\u00e1genes, v\u00eddeos o comentarios que incomoden o falten al respeto.<\/li>\n\n\n\n<li>Comentarios despectivos trolling, insultantes o derogatorios, y ataques personales o pol\u00edticos.<\/li>\n\n\n\n<li>Bromas racistas, sexistas o excluyentes.<\/li>\n\n\n\n<li>El acoso en privado o p\u00fablico. Asimismo, el acoso verbal, f\u00edsico o digital, ya sea dentro o fuera del aula.<\/li>\n\n\n\n<li>Publicar informaci\u00f3n privada de otra persona, tales como direcciones f\u00edsicas o de correo electr\u00f3nico, sin su permiso expl\u00edcito.<\/li>\n\n\n\n<li>Interrupciones constantes, bromas pesadas o lenguaje inapropiado.<\/li>\n\n\n\n<li>Otras conductas que puedan ser razonablemente consideradas como inapropiadas.<\/li>\n<\/ul>\n\n\n\n<h2 class=\"wp-block-heading\" id=\"block-f997a17d-79e3-4d7b-ad27-37bcc62a71fe\">Cumplimiento<\/h2>\n\n\n\n<p id=\"block-92014190-ac00-4862-a2b2-87655df3e506\">La administraci\u00f3n del campus es responsable de aclarar y hacer cumplir este c\u00f3digo de conducta; en caso de que se determine un comportamiento inadecuado, tomar\u00e1 las acciones que se considere oportunas. \u00c9stas van de exigir el cese del comportamiento, hasta la expulsi\u00f3n de la clase.<\/p>\n\n\n\n<h2 class=\"wp-block-heading\" id=\"block-58dbf650-daf4-46a2-b8c0-cceac1b9adc2\">Denuncia e informaci\u00f3n de contacto<\/h2>\n\n\n\n<p id=\"block-295f055d-619b-4666-9231-ef6a0a93aadd\">Si algo te incomoda o te hace sentir insegura, puedes hablarlo con alguna de las profesoras del aula. Tu bienestar es una prioridad, y tomaremos medidas para garantizar que el aula siga siendo un espacio seguro.<\/p>\n\n\n\n<p id=\"block-1c8ffca8-7225-4187-9288-737da1a2c058\">Todas las profesoras est\u00e1n obligadas a respetar la privacidad y la seguridad de dichas personas.<\/p>\n\n\n\n<p id=\"block-954da256-ebab-4cb7-9f46-77ff20c27506\"><strong>Atribuci\u00f3n<\/strong>: Este c\u00f3digo de conducta se basa en el <a href=\"https:\/\/2022.es.pycon.org\/pages\/code-of-conduct.html\">CoC de la PyconES<\/a>.<\/p>\n","protected":false},"excerpt":{"rendered":"<p>El Campus tecnol\u00f3gico Ser\u00e9 Ingeniera quiere asegurarse que todas las chicas que participan en dicho campus tengan una experiencia positiva de aprendizaje. Para ello, se espera que quien participe muestre respeto y cortes\u00eda hacia el resto. Al participar, te comprometes a fomentar una experiencia libre de acoso para todas las personas, sin importar su edad, &hellip; <a href=\"https:\/\/sereingeniera.ugr.es\/index.php\/codigo-de-conducta\/\" class=\"more-link\">Seguir leyendo <span class=\"screen-reader-text\">C\u00f3digo de Conducta<\/span> <span class=\"meta-nav\">&rarr;<\/span><\/a><\/p>\n","protected":false},"author":4,"featured_media":0,"parent":0,"menu_order":0,"comment_status":"closed","ping_status":"closed","template":"","meta":{"footnotes":"","_links_to":"","_links_to_target":""},"class_list":["post-4079","page","type-page","status-publish","hentry"],"yoast_head":"<!-- This site is optimized with the Yoast SEO plugin v27.5 - https:\/\/yoast.com\/product\/yoast-seo-wordpress\/ -->\n<title>C\u00f3digo de Conducta - Ser\u00e9 Ingeniera<\/title>\n<meta name=\"robots\" content=\"index, follow, max-snippet:-1, max-image-preview:large, max-video-preview:-1\" \/>\n<link rel=\"canonical\" href=\"https:\/\/sereingeniera.ugr.es\/index.php\/codigo-de-conducta\/\" \/>\n<meta property=\"og:locale\" content=\"es_ES\" \/>\n<meta property=\"og:type\" content=\"article\" \/>\n<meta property=\"og:title\" content=\"C\u00f3digo de Conducta - Ser\u00e9 Ingeniera\" \/>\n<meta property=\"og:description\" content=\"El Campus tecnol\u00f3gico Ser\u00e9 Ingeniera quiere asegurarse que todas las chicas que participan en dicho campus tengan una experiencia positiva de aprendizaje. Para ello, se espera que quien participe muestre respeto y cortes\u00eda hacia el resto. Al participar, te comprometes a fomentar una experiencia libre de acoso para todas las personas, sin importar su edad, &hellip; Seguir leyendo C\u00f3digo de Conducta &rarr;\" \/>\n<meta property=\"og:url\" content=\"https:\/\/sereingeniera.ugr.es\/index.php\/codigo-de-conducta\/\" \/>\n<meta property=\"og:site_name\" content=\"Ser\u00e9 Ingeniera\" \/>\n<meta name=\"twitter:card\" content=\"summary_large_image\" \/>\n<meta name=\"twitter:label1\" content=\"Tiempo de lectura\" \/>\n\t<meta name=\"twitter:data1\" content=\"3 minutos\" \/>\n<script type=\"application\/ld+json\" class=\"yoast-schema-graph\">{\"@context\":\"https:\\\/\\\/schema.org\",\"@graph\":[{\"@type\":\"WebPage\",\"@id\":\"https:\\\/\\\/sereingeniera.ugr.es\\\/index.php\\\/codigo-de-conducta\\\/\",\"url\":\"https:\\\/\\\/sereingeniera.ugr.es\\\/index.php\\\/codigo-de-conducta\\\/\",\"name\":\"C\u00f3digo de Conducta - Ser\u00e9 Ingeniera\",\"isPartOf\":{\"@id\":\"https:\\\/\\\/sereingeniera.ugr.es\\\/#website\"},\"datePublished\":\"2025-06-05T08:49:23+00:00\",\"breadcrumb\":{\"@id\":\"https:\\\/\\\/sereingeniera.ugr.es\\\/index.php\\\/codigo-de-conducta\\\/#breadcrumb\"},\"inLanguage\":\"es\",\"potentialAction\":[{\"@type\":\"ReadAction\",\"target\":[\"https:\\\/\\\/sereingeniera.ugr.es\\\/index.php\\\/codigo-de-conducta\\\/\"]}]},{\"@type\":\"BreadcrumbList\",\"@id\":\"https:\\\/\\\/sereingeniera.ugr.es\\\/index.php\\\/codigo-de-conducta\\\/#breadcrumb\",\"itemListElement\":[{\"@type\":\"ListItem\",\"position\":1,\"name\":\"Portada\",\"item\":\"https:\\\/\\\/sereingeniera.ugr.es\\\/\"},{\"@type\":\"ListItem\",\"position\":2,\"name\":\"C\u00f3digo de Conducta\"}]},{\"@type\":\"WebSite\",\"@id\":\"https:\\\/\\\/sereingeniera.ugr.es\\\/#website\",\"url\":\"https:\\\/\\\/sereingeniera.ugr.es\\\/\",\"name\":\"Ser\u00e9 Ingeniera\",\"description\":\"\",\"potentialAction\":[{\"@type\":\"SearchAction\",\"target\":{\"@type\":\"EntryPoint\",\"urlTemplate\":\"https:\\\/\\\/sereingeniera.ugr.es\\\/?s={search_term_string}\"},\"query-input\":{\"@type\":\"PropertyValueSpecification\",\"valueRequired\":true,\"valueName\":\"search_term_string\"}}],\"inLanguage\":\"es\"}]}<\/script>\n<!-- \/ Yoast SEO plugin. -->","yoast_head_json":{"title":"C\u00f3digo de Conducta - Ser\u00e9 Ingeniera","robots":{"index":"index","follow":"follow","max-snippet":"max-snippet:-1","max-image-preview":"max-image-preview:large","max-video-preview":"max-video-preview:-1"},"canonical":"https:\/\/sereingeniera.ugr.es\/index.php\/codigo-de-conducta\/","og_locale":"es_ES","og_type":"article","og_title":"C\u00f3digo de Conducta - Ser\u00e9 Ingeniera","og_description":"El Campus tecnol\u00f3gico Ser\u00e9 Ingeniera quiere asegurarse que todas las chicas que participan en dicho campus tengan una experiencia positiva de aprendizaje. Para ello, se espera que quien participe muestre respeto y cortes\u00eda hacia el resto. Al participar, te comprometes a fomentar una experiencia libre de acoso para todas las personas, sin importar su edad, &hellip; Seguir leyendo C\u00f3digo de Conducta &rarr;","og_url":"https:\/\/sereingeniera.ugr.es\/index.php\/codigo-de-conducta\/","og_site_name":"Ser\u00e9 Ingeniera","twitter_card":"summary_large_image","twitter_misc":{"Tiempo de lectura":"3 minutos"},"schema":{"@context":"https:\/\/schema.org","@graph":[{"@type":"WebPage","@id":"https:\/\/sereingeniera.ugr.es\/index.php\/codigo-de-conducta\/","url":"https:\/\/sereingeniera.ugr.es\/index.php\/codigo-de-conducta\/","name":"C\u00f3digo de Conducta - Ser\u00e9 Ingeniera","isPartOf":{"@id":"https:\/\/sereingeniera.ugr.es\/#website"},"datePublished":"2025-06-05T08:49:23+00:00","breadcrumb":{"@id":"https:\/\/sereingeniera.ugr.es\/index.php\/codigo-de-conducta\/#breadcrumb"},"inLanguage":"es","potentialAction":[{"@type":"ReadAction","target":["https:\/\/sereingeniera.ugr.es\/index.php\/codigo-de-conducta\/"]}]},{"@type":"BreadcrumbList","@id":"https:\/\/sereingeniera.ugr.es\/index.php\/codigo-de-conducta\/#breadcrumb","itemListElement":[{"@type":"ListItem","position":1,"name":"Portada","item":"https:\/\/sereingeniera.ugr.es\/"},{"@type":"ListItem","position":2,"name":"C\u00f3digo de Conducta"}]},{"@type":"WebSite","@id":"https:\/\/sereingeniera.ugr.es\/#website","url":"https:\/\/sereingeniera.ugr.es\/","name":"Ser\u00e9 Ingeniera","description":"","potentialAction":[{"@type":"SearchAction","target":{"@type":"EntryPoint","urlTemplate":"https:\/\/sereingeniera.ugr.es\/?s={search_term_string}"},"query-input":{"@type":"PropertyValueSpecification","valueRequired":true,"valueName":"search_term_string"}}],"inLanguage":"es"}]}},"_links":{"self":[{"href":"https:\/\/sereingeniera.ugr.es\/index.php\/wp-json\/wp\/v2\/pages\/4079","targetHints":{"allow":["GET"]}}],"collection":[{"href":"https:\/\/sereingeniera.ugr.es\/index.php\/wp-json\/wp\/v2\/pages"}],"about":[{"href":"https:\/\/sereingeniera.ugr.es\/index.php\/wp-json\/wp\/v2\/types\/page"}],"author":[{"embeddable":true,"href":"https:\/\/sereingeniera.ugr.es\/index.php\/wp-json\/wp\/v2\/users\/4"}],"replies":[{"embeddable":true,"href":"https:\/\/sereingeniera.ugr.es\/index.php\/wp-json\/wp\/v2\/comments?post=4079"}],"version-history":[{"count":1,"href":"https:\/\/sereingeniera.ugr.es\/index.php\/wp-json\/wp\/v2\/pages\/4079\/revisions"}],"predecessor-version":[{"id":4080,"href":"https:\/\/sereingeniera.ugr.es\/index.php\/wp-json\/wp\/v2\/pages\/4079\/revisions\/4080"}],"wp:attachment":[{"href":"https:\/\/sereingeniera.ugr.es\/index.php\/wp-json\/wp\/v2\/media?parent=4079"}],"curies":[{"name":"wp","href":"https:\/\/api.w.org\/{rel}","templated":true}]}}