{"id":3992,"date":"2025-04-06T15:02:40","date_gmt":"2025-04-06T14:02:40","guid":{"rendered":"https:\/\/sereingeniera.ugr.es\/?page_id=3992"},"modified":"2025-04-06T15:02:41","modified_gmt":"2025-04-06T14:02:41","slug":"entidades-2025","status":"publish","type":"page","link":"https:\/\/sereingeniera.ugr.es\/index.php\/entidades-2025\/","title":{"rendered":"Entidades 2025"},"content":{"rendered":"\n<h2 class=\"wp-block-heading\" id=\"block-22e003fb-d444-4222-93f8-c1ecd51877b9\"><a href=\"http:\/\/ugr.es\/\" target=\"_blank\" rel=\"noreferrer noopener\">Universidad de Granada<\/a><\/h2>\n\n\n<div class=\"wp-block-image\">\n<figure class=\"aligncenter\"><img decoding=\"async\" src=\"https:\/\/sereingeniera.ugr.es\/wp-content\/uploads\/2018\/01\/LogoUGR-150x150.jpg\" alt=\"Logo UGR\"\/><\/figure>\n<\/div>\n\n\n<p id=\"block-456754a6-3855-4d26-bd11-660bebfb55c7\">La Universidad de Granada ha organizado ya siete ediciones del&nbsp;<strong>Campus Tecnol\u00f3gico<\/strong>&nbsp;, habiendo obtenido en este proyecto una elevada aceptaci\u00f3n y participaci\u00f3n tanto de profesionales, empresas y entidades oficiales as\u00ed como de diferentes miembros de la comunidad educativa. Adem\u00e1s, la UGR participa activamente en los&nbsp;<strong>Campus Cient\u00edficos de Verano<\/strong>, organiza los&nbsp;<strong>Campus Infantiles de Software Libre<\/strong>, impulsa el programa de divulgaci\u00f3n A&nbsp;<strong>Ciencia Cerca<\/strong>, participa en&nbsp;<strong>La Noche Europea de los Investigadores<\/strong>, promueve el programa&nbsp;<strong>Ciencia y Sociedad<\/strong>, organiz\u00f3 el proyecto&nbsp;<strong>Imagina Descubre Crea<\/strong>&nbsp;y, en general, es muy activa en divulgaci\u00f3n.<\/p>\n\n\n\n<p id=\"block-9924512a-9435-4df1-b523-53a25a4f7fe3\">Adem\u00e1s, en este proyecto participan todas las empresas que de alguna forma y en mayor o menor medida han patrocinado el Campus Tecnol\u00f3gico y que gracias a ellas, este proyecto sigue vivo despu\u00e9s de siete a\u00f1os de existencia.<\/p>\n\n\n\n<p><\/p>\n","protected":false},"excerpt":{"rendered":"<p>Universidad de Granada La Universidad de Granada ha organizado ya siete ediciones del&nbsp;Campus Tecnol\u00f3gico&nbsp;, habiendo obtenido en este proyecto una elevada aceptaci\u00f3n y participaci\u00f3n tanto de profesionales, empresas y entidades oficiales as\u00ed como de diferentes miembros de la comunidad educativa. Adem\u00e1s, la UGR participa activamente en los&nbsp;Campus Cient\u00edficos de Verano, organiza los&nbsp;Campus Infantiles de Software &hellip; <a href=\"https:\/\/sereingeniera.ugr.es\/index.php\/entidades-2025\/\" class=\"more-link\">Seguir leyendo <span class=\"screen-reader-text\">Entidades 2025<\/span> <span class=\"meta-nav\">&rarr;<\/span><\/a><\/p>\n","protected":false},"author":9,"featured_media":0,"parent":0,"menu_order":0,"comment_status":"closed","ping_status":"closed","template":"","meta":{"footnotes":"","_links_to":"","_links_to_target":""},"class_list":["post-3992","page","type-page","status-publish","hentry"],"yoast_head":"<!-- This site is optimized with the Yoast SEO plugin v27.5 - https:\/\/yoast.com\/product\/yoast-seo-wordpress\/ -->\n<title>Entidades 2025 - Ser\u00e9 Ingeniera<\/title>\n<meta name=\"robots\" content=\"index, follow, max-snippet:-1, max-image-preview:large, max-video-preview:-1\" \/>\n<link rel=\"canonical\" href=\"https:\/\/sereingeniera.ugr.es\/index.php\/entidades-2025\/\" \/>\n<meta property=\"og:locale\" content=\"es_ES\" \/>\n<meta property=\"og:type\" content=\"article\" \/>\n<meta property=\"og:title\" content=\"Entidades 2025 - Ser\u00e9 Ingeniera\" \/>\n<meta property=\"og:description\" content=\"Universidad de Granada La Universidad de Granada ha organizado ya siete ediciones del&nbsp;Campus Tecnol\u00f3gico&nbsp;, habiendo obtenido en este proyecto una elevada aceptaci\u00f3n y participaci\u00f3n tanto de profesionales, empresas y entidades oficiales as\u00ed como de diferentes miembros de la comunidad educativa. Adem\u00e1s, la UGR participa activamente en los&nbsp;Campus Cient\u00edficos de Verano, organiza los&nbsp;Campus Infantiles de Software &hellip; Seguir leyendo Entidades 2025 &rarr;\" \/>\n<meta property=\"og:url\" content=\"https:\/\/sereingeniera.ugr.es\/index.php\/entidades-2025\/\" \/>\n<meta property=\"og:site_name\" content=\"Ser\u00e9 Ingeniera\" \/>\n<meta property=\"article:modified_time\" content=\"2025-04-06T14:02:41+00:00\" \/>\n<meta property=\"og:image\" content=\"https:\/\/sereingeniera.ugr.es\/wp-content\/uploads\/2018\/01\/LogoUGR-150x150.jpg\" \/>\n<meta name=\"twitter:card\" content=\"summary_large_image\" \/>\n<meta name=\"twitter:label1\" content=\"Tiempo de lectura\" \/>\n\t<meta name=\"twitter:data1\" content=\"1 minuto\" \/>\n<script type=\"application\/ld+json\" class=\"yoast-schema-graph\">{\"@context\":\"https:\\\/\\\/schema.org\",\"@graph\":[{\"@type\":\"WebPage\",\"@id\":\"https:\\\/\\\/sereingeniera.ugr.es\\\/index.php\\\/entidades-2025\\\/\",\"url\":\"https:\\\/\\\/sereingeniera.ugr.es\\\/index.php\\\/entidades-2025\\\/\",\"name\":\"Entidades 2025 - Ser\u00e9 Ingeniera\",\"isPartOf\":{\"@id\":\"https:\\\/\\\/sereingeniera.ugr.es\\\/#website\"},\"primaryImageOfPage\":{\"@id\":\"https:\\\/\\\/sereingeniera.ugr.es\\\/index.php\\\/entidades-2025\\\/#primaryimage\"},\"image\":{\"@id\":\"https:\\\/\\\/sereingeniera.ugr.es\\\/index.php\\\/entidades-2025\\\/#primaryimage\"},\"thumbnailUrl\":\"https:\\\/\\\/sereingeniera.ugr.es\\\/wp-content\\\/uploads\\\/2018\\\/01\\\/LogoUGR-150x150.jpg\",\"datePublished\":\"2025-04-06T14:02:40+00:00\",\"dateModified\":\"2025-04-06T14:02:41+00:00\",\"breadcrumb\":{\"@id\":\"https:\\\/\\\/sereingeniera.ugr.es\\\/index.php\\\/entidades-2025\\\/#breadcrumb\"},\"inLanguage\":\"es\",\"potentialAction\":[{\"@type\":\"ReadAction\",\"target\":[\"https:\\\/\\\/sereingeniera.ugr.es\\\/index.php\\\/entidades-2025\\\/\"]}]},{\"@type\":\"ImageObject\",\"inLanguage\":\"es\",\"@id\":\"https:\\\/\\\/sereingeniera.ugr.es\\\/index.php\\\/entidades-2025\\\/#primaryimage\",\"url\":\"https:\\\/\\\/sereingeniera.ugr.es\\\/wp-content\\\/uploads\\\/2018\\\/01\\\/LogoUGR.jpg\",\"contentUrl\":\"https:\\\/\\\/sereingeniera.ugr.es\\\/wp-content\\\/uploads\\\/2018\\\/01\\\/LogoUGR.jpg\",\"width\":1200,\"height\":1200},{\"@type\":\"BreadcrumbList\",\"@id\":\"https:\\\/\\\/sereingeniera.ugr.es\\\/index.php\\\/entidades-2025\\\/#breadcrumb\",\"itemListElement\":[{\"@type\":\"ListItem\",\"position\":1,\"name\":\"Portada\",\"item\":\"https:\\\/\\\/sereingeniera.ugr.es\\\/\"},{\"@type\":\"ListItem\",\"position\":2,\"name\":\"Entidades 2025\"}]},{\"@type\":\"WebSite\",\"@id\":\"https:\\\/\\\/sereingeniera.ugr.es\\\/#website\",\"url\":\"https:\\\/\\\/sereingeniera.ugr.es\\\/\",\"name\":\"Ser\u00e9 Ingeniera\",\"description\":\"\",\"potentialAction\":[{\"@type\":\"SearchAction\",\"target\":{\"@type\":\"EntryPoint\",\"urlTemplate\":\"https:\\\/\\\/sereingeniera.ugr.es\\\/?s={search_term_string}\"},\"query-input\":{\"@type\":\"PropertyValueSpecification\",\"valueRequired\":true,\"valueName\":\"search_term_string\"}}],\"inLanguage\":\"es\"}]}<\/script>\n<!-- \/ Yoast SEO plugin. -->","yoast_head_json":{"title":"Entidades 2025 - Ser\u00e9 Ingeniera","robots":{"index":"index","follow":"follow","max-snippet":"max-snippet:-1","max-image-preview":"max-image-preview:large","max-video-preview":"max-video-preview:-1"},"canonical":"https:\/\/sereingeniera.ugr.es\/index.php\/entidades-2025\/","og_locale":"es_ES","og_type":"article","og_title":"Entidades 2025 - Ser\u00e9 Ingeniera","og_description":"Universidad de Granada La Universidad de Granada ha organizado ya siete ediciones del&nbsp;Campus Tecnol\u00f3gico&nbsp;, habiendo obtenido en este proyecto una elevada aceptaci\u00f3n y participaci\u00f3n tanto de profesionales, empresas y entidades oficiales as\u00ed como de diferentes miembros de la comunidad educativa. Adem\u00e1s, la UGR participa activamente en los&nbsp;Campus Cient\u00edficos de Verano, organiza los&nbsp;Campus Infantiles de Software &hellip; Seguir leyendo Entidades 2025 &rarr;","og_url":"https:\/\/sereingeniera.ugr.es\/index.php\/entidades-2025\/","og_site_name":"Ser\u00e9 Ingeniera","article_modified_time":"2025-04-06T14:02:41+00:00","og_image":[{"url":"https:\/\/sereingeniera.ugr.es\/wp-content\/uploads\/2018\/01\/LogoUGR-150x150.jpg","type":"","width":"","height":""}],"twitter_card":"summary_large_image","twitter_misc":{"Tiempo de lectura":"1 minuto"},"schema":{"@context":"https:\/\/schema.org","@graph":[{"@type":"WebPage","@id":"https:\/\/sereingeniera.ugr.es\/index.php\/entidades-2025\/","url":"https:\/\/sereingeniera.ugr.es\/index.php\/entidades-2025\/","name":"Entidades 2025 - Ser\u00e9 Ingeniera","isPartOf":{"@id":"https:\/\/sereingeniera.ugr.es\/#website"},"primaryImageOfPage":{"@id":"https:\/\/sereingeniera.ugr.es\/index.php\/entidades-2025\/#primaryimage"},"image":{"@id":"https:\/\/sereingeniera.ugr.es\/index.php\/entidades-2025\/#primaryimage"},"thumbnailUrl":"https:\/\/sereingeniera.ugr.es\/wp-content\/uploads\/2018\/01\/LogoUGR-150x150.jpg","datePublished":"2025-04-06T14:02:40+00:00","dateModified":"2025-04-06T14:02:41+00:00","breadcrumb":{"@id":"https:\/\/sereingeniera.ugr.es\/index.php\/entidades-2025\/#breadcrumb"},"inLanguage":"es","potentialAction":[{"@type":"ReadAction","target":["https:\/\/sereingeniera.ugr.es\/index.php\/entidades-2025\/"]}]},{"@type":"ImageObject","inLanguage":"es","@id":"https:\/\/sereingeniera.ugr.es\/index.php\/entidades-2025\/#primaryimage","url":"https:\/\/sereingeniera.ugr.es\/wp-content\/uploads\/2018\/01\/LogoUGR.jpg","contentUrl":"https:\/\/sereingeniera.ugr.es\/wp-content\/uploads\/2018\/01\/LogoUGR.jpg","width":1200,"height":1200},{"@type":"BreadcrumbList","@id":"https:\/\/sereingeniera.ugr.es\/index.php\/entidades-2025\/#breadcrumb","itemListElement":[{"@type":"ListItem","position":1,"name":"Portada","item":"https:\/\/sereingeniera.ugr.es\/"},{"@type":"ListItem","position":2,"name":"Entidades 2025"}]},{"@type":"WebSite","@id":"https:\/\/sereingeniera.ugr.es\/#website","url":"https:\/\/sereingeniera.ugr.es\/","name":"Ser\u00e9 Ingeniera","description":"","potentialAction":[{"@type":"SearchAction","target":{"@type":"EntryPoint","urlTemplate":"https:\/\/sereingeniera.ugr.es\/?s={search_term_string}"},"query-input":{"@type":"PropertyValueSpecification","valueRequired":true,"valueName":"search_term_string"}}],"inLanguage":"es"}]}},"_links":{"self":[{"href":"https:\/\/sereingeniera.ugr.es\/index.php\/wp-json\/wp\/v2\/pages\/3992","targetHints":{"allow":["GET"]}}],"collection":[{"href":"https:\/\/sereingeniera.ugr.es\/index.php\/wp-json\/wp\/v2\/pages"}],"about":[{"href":"https:\/\/sereingeniera.ugr.es\/index.php\/wp-json\/wp\/v2\/types\/page"}],"author":[{"embeddable":true,"href":"https:\/\/sereingeniera.ugr.es\/index.php\/wp-json\/wp\/v2\/users\/9"}],"replies":[{"embeddable":true,"href":"https:\/\/sereingeniera.ugr.es\/index.php\/wp-json\/wp\/v2\/comments?post=3992"}],"version-history":[{"count":1,"href":"https:\/\/sereingeniera.ugr.es\/index.php\/wp-json\/wp\/v2\/pages\/3992\/revisions"}],"predecessor-version":[{"id":3993,"href":"https:\/\/sereingeniera.ugr.es\/index.php\/wp-json\/wp\/v2\/pages\/3992\/revisions\/3993"}],"wp:attachment":[{"href":"https:\/\/sereingeniera.ugr.es\/index.php\/wp-json\/wp\/v2\/media?parent=3992"}],"curies":[{"name":"wp","href":"https:\/\/api.w.org\/{rel}","templated":true}]}}