{"id":3581,"date":"2024-03-03T18:01:51","date_gmt":"2024-03-03T17:01:51","guid":{"rendered":"https:\/\/sereingeniera.ugr.es\/?page_id=3581"},"modified":"2024-08-20T09:35:08","modified_gmt":"2024-08-20T08:35:08","slug":"como-puedo-participar-4","status":"publish","type":"page","link":"https:\/\/sereingeniera.ugr.es\/index.php\/como-puedo-participar-4\/","title":{"rendered":"\u00bfC\u00f3mo puedo participar?"},"content":{"rendered":"\n<h2 class=\"wp-block-heading\">Qu\u00e9 es el Campus Tecnol\u00f3gico para Chicas 2024<\/h2>\n\n\n\n<p class=\"has-yellow-background-color has-background\"><strong>NOTA IMPORTANTE:<\/strong> La inscripci\u00f3n para ambas sedes est\u00e1 <strong>cerrada<\/strong>. Pronto m\u00e1s informaci\u00f3n sobre la <strong>nueva edici\u00f3n de 2025<\/strong><\/p>\n\n\n\n<p>El Campus Tecnol\u00f3gico es un programa formativo,&nbsp;<strong>que se realiza de forma gratuita<\/strong>&nbsp;y est\u00e1 dirigido a chicas preuniversitarias (de 12 a 17 a\u00f1os) de 2\u00ba, 3\u00ba \u00f3 4\u00ba de ESO, 1\u00ba o 2\u00ba de Bachillerato, o Ciclos Formativos. El equipo de chicas que participa aborda un proyecto tecnol\u00f3gico durante dos semanas y exhiben los resultados de su trabajo en una jornada final. Este a\u00f1o tendremos dos sedes de la <a href=\"http:\/\/www.ugr.es\"><strong>Universidad de Granada<\/strong><\/a> para la realizaci\u00f3n del campus: una ser\u00e1 la&nbsp;<strong>sede de<\/strong>&nbsp;<strong>Granada<\/strong>&nbsp;y se celebrar\u00e1 en la<strong> <a href=\"http:\/\/www.etsiit.ugr.es\" target=\"_blank\" rel=\"noreferrer noopener\">Escuela T\u00e9cnica Superior de Ingenier\u00edas Inform\u00e1tica y Telecomunicaci\u00f3n (ETSIIT) Granada<\/a> <\/strong>y la otra<strong> sede <\/strong>ser\u00e1 en <strong>Ceuta<\/strong> en la<strong> <a href=\"https:\/\/feetce.ugr.es\/\">Facultad de Educaci\u00f3n, Econom\u00eda y Tecnolog\u00eda de Ceuta<\/a>.<\/strong><\/p>\n\n\n<div class=\"wp-block-image\">\n<figure class=\"aligncenter size-large is-resized\"><img loading=\"lazy\" decoding=\"async\" width=\"724\" height=\"1024\" src=\"https:\/\/sereingeniera.ugr.es\/wp-content\/uploads\/img13-724x1024.jpg\" alt=\"\" class=\"wp-image-3705\" style=\"width:378px;height:auto\" srcset=\"https:\/\/sereingeniera.ugr.es\/wp-content\/uploads\/img13-724x1024.jpg 724w, https:\/\/sereingeniera.ugr.es\/wp-content\/uploads\/img13-212x300.jpg 212w, https:\/\/sereingeniera.ugr.es\/wp-content\/uploads\/img13-768x1086.jpg 768w, https:\/\/sereingeniera.ugr.es\/wp-content\/uploads\/img13-1086x1536.jpg 1086w, https:\/\/sereingeniera.ugr.es\/wp-content\/uploads\/img13-1448x2048.jpg 1448w, https:\/\/sereingeniera.ugr.es\/wp-content\/uploads\/img13-scaled.jpg 1810w\" sizes=\"auto, (max-width: 724px) 100vw, 724px\" \/><\/figure>\n<\/div>\n\n\n<p>Tenemos dos objetivos principales:<\/p>\n\n\n\n<ul class=\"wp-block-list\">\n<li>Despertar la vocaci\u00f3n en las \u00e1reas STEM (Sciences, Technology, Engineering and Mathematics en ingl\u00e9s; Ciencias, Tecnolog\u00eda, Ingenier\u00eda y Matem\u00e1ticas, siglas CTIM en espa\u00f1ol) en chicas preuniversitarias.<\/li>\n\n\n\n<li>Hacer notar a las escolares su potencial y sus posibilidades en las \u00e1reas STEM a la vez que se propicia un foro de discusi\u00f3n sobre la situaci\u00f3n actual de las mujeres en el \u00e1mbito STEM y su baja participaci\u00f3n en \u00e9l.<\/li>\n<\/ul>\n\n\n\n<h3 class=\"wp-block-heading\">\u00bfC\u00f3mo puedo participar?<\/h3>\n\n\n\n<p>Si eres una chica, est\u00e1s en 2\u00ba, 3\u00ba \u00f3 4\u00ba de ESO, 1\u00ba o 2\u00ba de Bachillerato, o Ciclos Formativos, y quieres compartir dos semanas con chicas como t\u00fa creando un proyecto, \u00a1eres la persona que estamos buscando!<\/p>\n\n\n\n<p>Buscamos chicas creativas, valientes, que les gusten los retos y que no les asuste la tecnolog\u00eda, porque queremos darle la oportunidad de ver que hay chicas como ellas, con las mismas inquietudes y aficiones y que son capaces de mover el mundo aunando sus conocimientos y ganas.<\/p>\n\n\n\n<p>Para ello&nbsp;<strong>te puedes pre-inscribir<\/strong>&nbsp;en este<strong>&nbsp;<a href=\"https:\/\/docs.google.com\/forms\/d\/e\/1FAIpQLSdK2jTUHjdAVBuELL2y-3kDrLbhCSQnUUoOfdl-doKPBDLnqQ\/viewform?usp=sf_link\" target=\"_blank\" rel=\"noreferrer noopener\">enlace<\/a><\/strong>. Te vamos a pedir que nos cuentes de una forma gr\u00e1fica y original, por qu\u00e9 crees t\u00fa que eres una futura ingeniera, y algunos datos m\u00e1s sobre ti que nos permitir\u00e1n conocerte un poco m\u00e1s.<\/p>\n\n\n\n<p>Es importante que leas las instrucciones del formulario y que accedas a \u00e9l con una&nbsp;<strong>cuenta de correo de Gmail<\/strong>, para que puedas subirnos tus aportaciones correctamente.<\/p>\n\n\n\n<h3 class=\"wp-block-heading\">\u00bfD\u00f3nde se realiza?<\/h3>\n\n\n\n<p>El Campus Tecnol\u00f3gico 2024 se realizar\u00e1 en dos sedes:<\/p>\n\n\n\n<ul class=\"wp-block-list\">\n<li>La sede de <strong>Granada <\/strong>ser\u00e1 la <strong><a href=\"http:\/\/etsiit.ugr.es\/\">Escuela T\u00e9cnica Superior de Ingenier\u00eda Inform\u00e1tica y Telecomunicaci\u00f3n<\/a><\/strong>. \u00c9sta sede aporta sus espacios y recursos al Campus y ser\u00e1 donde convivir\u00e9is durante la realizaci\u00f3n del campus.<\/li>\n\n\n\n<li>En <strong>Ceuta<\/strong>, la sede ser\u00e1 la<a href=\"https:\/\/feetce.ugr.es\/\"> <strong>Facultad de Educaci\u00f3n Tecnolog\u00eda y Econom\u00eda de Ceuta<\/strong><\/a>. \u00c9sta sede tambi\u00e9n aporta sus espacios y recursos al Campus y ser\u00e1 donde convivir\u00e9is las chicas que realicen el campus aqu\u00ed.<\/li>\n<\/ul>\n\n\n\n<h3 class=\"wp-block-heading\">\u00bfCu\u00e1ndo?<\/h3>\n\n\n\n<p>Las fechas m\u00e1s importantes las pod\u00e9is consultar en la siguiente lista:<\/p>\n\n\n\n<ul class=\"wp-block-list\">\n<li><strong>1 mayo \u2013 31 mayo<\/strong>: plazo de preinscripci\u00f3n (se podr\u00e1 ampliar en funci\u00f3n de las plazas disponibles)<\/li>\n\n\n\n<li><strong>3 junio<\/strong>: Lista provisional de chicas preseleccionadas (se podr\u00e1 retrasar en caso de ampliar el periodo de preinscripci\u00f3n)<\/li>\n\n\n\n<li><strong>26 junio<\/strong>: notificaci\u00f3n y confirmaci\u00f3n de plazas definitivas.<\/li>\n\n\n\n<li><strong>1 julio \u2013 12 julio<\/strong>: realizaci\u00f3n del Campus en<strong>&nbsp;horario de ma\u00f1anas.<\/strong><\/li>\n\n\n\n<li><strong>IMPORTANTE<\/strong>: La inscripci\u00f3n para la sede de Ceuta sigue abierta.<\/li>\n<\/ul>\n\n\n\n<h3 class=\"wp-block-heading\">\u00bfC\u00f3mo puedes saber m\u00e1s de nosotras?<\/h3>\n\n\n\n<ul class=\"wp-block-list\">\n<li>Puedes seguirnos en Twitter:&nbsp;<a href=\"https:\/\/twitter.com\/sereingeniera\">@SereIngeniera<\/a>&nbsp;o contactar con nosotras en la&nbsp;<a href=\"http:\/\/osl.ugr.es\/\">Oficina de Software Libre<\/a>&nbsp;de la&nbsp;<a href=\"http:\/\/www.ugr.es\/\">Universidad de Granada<\/a>.<\/li>\n\n\n\n<li>En este post sobre&nbsp;<a href=\"http:\/\/sereingeniera.ugr.es\/\">Qui\u00e9n es qui\u00e9n en SereIngeniera<\/a>&nbsp;nos presentamos todo el equipo de Granada.<\/li>\n<\/ul>\n\n\n\n<p>Para inscribirse en el Campus Ser\u00e9 Ingeniera 2024&nbsp;<strong><s>Granada<\/s>&nbsp;<\/strong>o <strong>Ceuta<\/strong> pulsa<a href=\"https:\/\/docs.google.com\/forms\/d\/e\/1FAIpQLSdK2jTUHjdAVBuELL2y-3kDrLbhCSQnUUoOfdl-doKPBDLnqQ\/viewform?usp=sf_link\" target=\"_blank\" rel=\"noreferrer noopener\">&nbsp;<strong>aqu\u00ed.<\/strong><\/a><\/p>\n\n\n\n<p><strong>IMPORTANTE<\/strong>: \u00a1recuerda que la inscripci\u00f3n no garantiza la plaza! Te enviaremos un correo de confirmaci\u00f3n cuando sea la resoluci\u00f3n definitiva.<\/p>\n\n\n<div class=\"wp-block-image\">\n<figure class=\"aligncenter\"><a href=\"https:\/\/docs.google.com\/forms\/d\/e\/1FAIpQLSdK2jTUHjdAVBuELL2y-3kDrLbhCSQnUUoOfdl-doKPBDLnqQ\/viewform?usp=sf_link\"><img loading=\"lazy\" decoding=\"async\" width=\"300\" height=\"171\" src=\"https:\/\/sereingeniera.ugr.es\/wp-content\/uploads\/inscribete-300x171.png\" alt=\"\" class=\"wp-image-1093\" srcset=\"https:\/\/sereingeniera.ugr.es\/wp-content\/uploads\/inscribete-300x171.png 300w, https:\/\/sereingeniera.ugr.es\/wp-content\/uploads\/inscribete.png 350w\" sizes=\"auto, (max-width: 300px) 100vw, 300px\" \/><\/a><\/figure>\n<\/div>","protected":false},"excerpt":{"rendered":"<p>Qu\u00e9 es el Campus Tecnol\u00f3gico para Chicas 2024 NOTA IMPORTANTE: La inscripci\u00f3n para ambas sedes est\u00e1 cerrada. Pronto m\u00e1s informaci\u00f3n sobre la nueva edici\u00f3n de 2025 El Campus Tecnol\u00f3gico es un programa formativo,&nbsp;que se realiza de forma gratuita&nbsp;y est\u00e1 dirigido a chicas preuniversitarias (de 12 a 17 a\u00f1os) de 2\u00ba, 3\u00ba \u00f3 4\u00ba de ESO, &hellip; <a href=\"https:\/\/sereingeniera.ugr.es\/index.php\/como-puedo-participar-4\/\" class=\"more-link\">Seguir leyendo <span class=\"screen-reader-text\">\u00bfC\u00f3mo puedo participar?<\/span> <span class=\"meta-nav\">&rarr;<\/span><\/a><\/p>\n","protected":false},"author":9,"featured_media":0,"parent":0,"menu_order":0,"comment_status":"closed","ping_status":"closed","template":"","meta":{"footnotes":"","_links_to":"","_links_to_target":""},"class_list":["post-3581","page","type-page","status-publish","hentry"],"yoast_head":"<!-- This site is optimized with the Yoast SEO plugin v27.3 - https:\/\/yoast.com\/product\/yoast-seo-wordpress\/ -->\n<title>\u00bfC\u00f3mo puedo participar? - Ser\u00e9 Ingeniera<\/title>\n<meta name=\"robots\" content=\"index, follow, max-snippet:-1, max-image-preview:large, max-video-preview:-1\" \/>\n<link rel=\"canonical\" href=\"https:\/\/sereingeniera.ugr.es\/index.php\/como-puedo-participar-4\/\" \/>\n<meta property=\"og:locale\" content=\"es_ES\" \/>\n<meta property=\"og:type\" content=\"article\" \/>\n<meta property=\"og:title\" content=\"\u00bfC\u00f3mo puedo participar? - Ser\u00e9 Ingeniera\" \/>\n<meta property=\"og:description\" content=\"Qu\u00e9 es el Campus Tecnol\u00f3gico para Chicas 2024 NOTA IMPORTANTE: La inscripci\u00f3n para ambas sedes est\u00e1 cerrada. Pronto m\u00e1s informaci\u00f3n sobre la nueva edici\u00f3n de 2025 El Campus Tecnol\u00f3gico es un programa formativo,&nbsp;que se realiza de forma gratuita&nbsp;y est\u00e1 dirigido a chicas preuniversitarias (de 12 a 17 a\u00f1os) de 2\u00ba, 3\u00ba \u00f3 4\u00ba de ESO, &hellip; Seguir leyendo \u00bfC\u00f3mo puedo participar? &rarr;\" \/>\n<meta property=\"og:url\" content=\"https:\/\/sereingeniera.ugr.es\/index.php\/como-puedo-participar-4\/\" \/>\n<meta property=\"og:site_name\" content=\"Ser\u00e9 Ingeniera\" \/>\n<meta property=\"article:modified_time\" content=\"2024-08-20T08:35:08+00:00\" \/>\n<meta property=\"og:image\" content=\"https:\/\/sereingeniera.ugr.es\/wp-content\/uploads\/img13-724x1024.jpg\" \/>\n<meta name=\"twitter:card\" content=\"summary_large_image\" \/>\n<meta name=\"twitter:label1\" content=\"Tiempo de lectura\" \/>\n\t<meta name=\"twitter:data1\" content=\"4 minutos\" \/>\n<script type=\"application\/ld+json\" class=\"yoast-schema-graph\">{\"@context\":\"https:\\\/\\\/schema.org\",\"@graph\":[{\"@type\":\"WebPage\",\"@id\":\"https:\\\/\\\/sereingeniera.ugr.es\\\/index.php\\\/como-puedo-participar-4\\\/\",\"url\":\"https:\\\/\\\/sereingeniera.ugr.es\\\/index.php\\\/como-puedo-participar-4\\\/\",\"name\":\"\u00bfC\u00f3mo puedo participar? - Ser\u00e9 Ingeniera\",\"isPartOf\":{\"@id\":\"https:\\\/\\\/sereingeniera.ugr.es\\\/#website\"},\"primaryImageOfPage\":{\"@id\":\"https:\\\/\\\/sereingeniera.ugr.es\\\/index.php\\\/como-puedo-participar-4\\\/#primaryimage\"},\"image\":{\"@id\":\"https:\\\/\\\/sereingeniera.ugr.es\\\/index.php\\\/como-puedo-participar-4\\\/#primaryimage\"},\"thumbnailUrl\":\"https:\\\/\\\/sereingeniera.ugr.es\\\/wp-content\\\/uploads\\\/img13-724x1024.jpg\",\"datePublished\":\"2024-03-03T17:01:51+00:00\",\"dateModified\":\"2024-08-20T08:35:08+00:00\",\"breadcrumb\":{\"@id\":\"https:\\\/\\\/sereingeniera.ugr.es\\\/index.php\\\/como-puedo-participar-4\\\/#breadcrumb\"},\"inLanguage\":\"es\",\"potentialAction\":[{\"@type\":\"ReadAction\",\"target\":[\"https:\\\/\\\/sereingeniera.ugr.es\\\/index.php\\\/como-puedo-participar-4\\\/\"]}]},{\"@type\":\"ImageObject\",\"inLanguage\":\"es\",\"@id\":\"https:\\\/\\\/sereingeniera.ugr.es\\\/index.php\\\/como-puedo-participar-4\\\/#primaryimage\",\"url\":\"https:\\\/\\\/sereingeniera.ugr.es\\\/wp-content\\\/uploads\\\/img13-scaled.jpg\",\"contentUrl\":\"https:\\\/\\\/sereingeniera.ugr.es\\\/wp-content\\\/uploads\\\/img13-scaled.jpg\",\"width\":1810,\"height\":2560},{\"@type\":\"BreadcrumbList\",\"@id\":\"https:\\\/\\\/sereingeniera.ugr.es\\\/index.php\\\/como-puedo-participar-4\\\/#breadcrumb\",\"itemListElement\":[{\"@type\":\"ListItem\",\"position\":1,\"name\":\"Portada\",\"item\":\"https:\\\/\\\/sereingeniera.ugr.es\\\/\"},{\"@type\":\"ListItem\",\"position\":2,\"name\":\"\u00bfC\u00f3mo puedo participar?\"}]},{\"@type\":\"WebSite\",\"@id\":\"https:\\\/\\\/sereingeniera.ugr.es\\\/#website\",\"url\":\"https:\\\/\\\/sereingeniera.ugr.es\\\/\",\"name\":\"Ser\u00e9 Ingeniera\",\"description\":\"\",\"potentialAction\":[{\"@type\":\"SearchAction\",\"target\":{\"@type\":\"EntryPoint\",\"urlTemplate\":\"https:\\\/\\\/sereingeniera.ugr.es\\\/?s={search_term_string}\"},\"query-input\":{\"@type\":\"PropertyValueSpecification\",\"valueRequired\":true,\"valueName\":\"search_term_string\"}}],\"inLanguage\":\"es\"}]}<\/script>\n<!-- \/ Yoast SEO plugin. -->","yoast_head_json":{"title":"\u00bfC\u00f3mo puedo participar? - Ser\u00e9 Ingeniera","robots":{"index":"index","follow":"follow","max-snippet":"max-snippet:-1","max-image-preview":"max-image-preview:large","max-video-preview":"max-video-preview:-1"},"canonical":"https:\/\/sereingeniera.ugr.es\/index.php\/como-puedo-participar-4\/","og_locale":"es_ES","og_type":"article","og_title":"\u00bfC\u00f3mo puedo participar? - Ser\u00e9 Ingeniera","og_description":"Qu\u00e9 es el Campus Tecnol\u00f3gico para Chicas 2024 NOTA IMPORTANTE: La inscripci\u00f3n para ambas sedes est\u00e1 cerrada. Pronto m\u00e1s informaci\u00f3n sobre la nueva edici\u00f3n de 2025 El Campus Tecnol\u00f3gico es un programa formativo,&nbsp;que se realiza de forma gratuita&nbsp;y est\u00e1 dirigido a chicas preuniversitarias (de 12 a 17 a\u00f1os) de 2\u00ba, 3\u00ba \u00f3 4\u00ba de ESO, &hellip; Seguir leyendo \u00bfC\u00f3mo puedo participar? &rarr;","og_url":"https:\/\/sereingeniera.ugr.es\/index.php\/como-puedo-participar-4\/","og_site_name":"Ser\u00e9 Ingeniera","article_modified_time":"2024-08-20T08:35:08+00:00","og_image":[{"url":"https:\/\/sereingeniera.ugr.es\/wp-content\/uploads\/img13-724x1024.jpg","type":"","width":"","height":""}],"twitter_card":"summary_large_image","twitter_misc":{"Tiempo de lectura":"4 minutos"},"schema":{"@context":"https:\/\/schema.org","@graph":[{"@type":"WebPage","@id":"https:\/\/sereingeniera.ugr.es\/index.php\/como-puedo-participar-4\/","url":"https:\/\/sereingeniera.ugr.es\/index.php\/como-puedo-participar-4\/","name":"\u00bfC\u00f3mo puedo participar? - Ser\u00e9 Ingeniera","isPartOf":{"@id":"https:\/\/sereingeniera.ugr.es\/#website"},"primaryImageOfPage":{"@id":"https:\/\/sereingeniera.ugr.es\/index.php\/como-puedo-participar-4\/#primaryimage"},"image":{"@id":"https:\/\/sereingeniera.ugr.es\/index.php\/como-puedo-participar-4\/#primaryimage"},"thumbnailUrl":"https:\/\/sereingeniera.ugr.es\/wp-content\/uploads\/img13-724x1024.jpg","datePublished":"2024-03-03T17:01:51+00:00","dateModified":"2024-08-20T08:35:08+00:00","breadcrumb":{"@id":"https:\/\/sereingeniera.ugr.es\/index.php\/como-puedo-participar-4\/#breadcrumb"},"inLanguage":"es","potentialAction":[{"@type":"ReadAction","target":["https:\/\/sereingeniera.ugr.es\/index.php\/como-puedo-participar-4\/"]}]},{"@type":"ImageObject","inLanguage":"es","@id":"https:\/\/sereingeniera.ugr.es\/index.php\/como-puedo-participar-4\/#primaryimage","url":"https:\/\/sereingeniera.ugr.es\/wp-content\/uploads\/img13-scaled.jpg","contentUrl":"https:\/\/sereingeniera.ugr.es\/wp-content\/uploads\/img13-scaled.jpg","width":1810,"height":2560},{"@type":"BreadcrumbList","@id":"https:\/\/sereingeniera.ugr.es\/index.php\/como-puedo-participar-4\/#breadcrumb","itemListElement":[{"@type":"ListItem","position":1,"name":"Portada","item":"https:\/\/sereingeniera.ugr.es\/"},{"@type":"ListItem","position":2,"name":"\u00bfC\u00f3mo puedo participar?"}]},{"@type":"WebSite","@id":"https:\/\/sereingeniera.ugr.es\/#website","url":"https:\/\/sereingeniera.ugr.es\/","name":"Ser\u00e9 Ingeniera","description":"","potentialAction":[{"@type":"SearchAction","target":{"@type":"EntryPoint","urlTemplate":"https:\/\/sereingeniera.ugr.es\/?s={search_term_string}"},"query-input":{"@type":"PropertyValueSpecification","valueRequired":true,"valueName":"search_term_string"}}],"inLanguage":"es"}]}},"_links":{"self":[{"href":"https:\/\/sereingeniera.ugr.es\/index.php\/wp-json\/wp\/v2\/pages\/3581","targetHints":{"allow":["GET"]}}],"collection":[{"href":"https:\/\/sereingeniera.ugr.es\/index.php\/wp-json\/wp\/v2\/pages"}],"about":[{"href":"https:\/\/sereingeniera.ugr.es\/index.php\/wp-json\/wp\/v2\/types\/page"}],"author":[{"embeddable":true,"href":"https:\/\/sereingeniera.ugr.es\/index.php\/wp-json\/wp\/v2\/users\/9"}],"replies":[{"embeddable":true,"href":"https:\/\/sereingeniera.ugr.es\/index.php\/wp-json\/wp\/v2\/comments?post=3581"}],"version-history":[{"count":13,"href":"https:\/\/sereingeniera.ugr.es\/index.php\/wp-json\/wp\/v2\/pages\/3581\/revisions"}],"predecessor-version":[{"id":3970,"href":"https:\/\/sereingeniera.ugr.es\/index.php\/wp-json\/wp\/v2\/pages\/3581\/revisions\/3970"}],"wp:attachment":[{"href":"https:\/\/sereingeniera.ugr.es\/index.php\/wp-json\/wp\/v2\/media?parent=3581"}],"curies":[{"name":"wp","href":"https:\/\/api.w.org\/{rel}","templated":true}]}}