{"id":2613,"date":"2021-01-29T00:21:27","date_gmt":"2021-01-28T23:21:27","guid":{"rendered":"http:\/\/sereingeniera.ugr.es\/?page_id=2613"},"modified":"2021-01-29T13:58:09","modified_gmt":"2021-01-29T12:58:09","slug":"entidades-2021","status":"publish","type":"page","link":"https:\/\/sereingeniera.ugr.es\/index.php\/entidades-2021\/","title":{"rendered":"Entidades 2021"},"content":{"rendered":"\n<h2 class=\"wp-block-heading\" id=\"block-99e7009a-bbcc-4e21-bd5b-06eb2b46ea98\"><a rel=\"noreferrer noopener\" href=\"http:\/\/ugr.es\/\" target=\"_blank\"><br>Universidad de Granada<\/a><\/h2>\n\n\n\n<div id=\"block-7ee49d73-c930-4d4d-adc0-cd34d398c72c\" class=\"wp-block-image\"><figure class=\"aligncenter\"><img decoding=\"async\" src=\"http:\/\/sereingeniera.ugr.es\/wp-content\/uploads\/2018\/01\/LogoUGR-150x150.jpg\" alt=\"Logo UGR\"\/><\/figure><\/div>\n\n\n\n<p id=\"block-168bb5ca-4bcd-4cdb-a1b9-6e2c2090a1a7\">La Universidad de Granada ha organizado ya siete ediciones del <strong>Campus Tecnol\u00f3gico<\/strong> , habiendo obtenido en este proyecto una elevada aceptaci\u00f3n y participaci\u00f3n tanto de profesionales, empresas y entidades oficiales as\u00ed como de diferentes miembros de la comunidad educativa. Adem\u00e1s, la UGR participa activamente en los <strong>Campus Cient\u00edficos de Verano<\/strong>, organiza los <strong>Campus Infantiles de Software Libre<\/strong>, impulsa el programa de divulgaci\u00f3n A <strong>Ciencia Cerca<\/strong>, participa en <strong>La Noche Europea de los Investigadores<\/strong>, promueve el programa <strong>Ciencia y Sociedad<\/strong>, organiz\u00f3 el proyecto <strong>Imagina Descubre Crea<\/strong> y, en general, es muy activa en divulgaci\u00f3n.<\/p>\n\n\n\n<p id=\"block-5f37a846-2f3b-4459-ab90-9b96fdb64e51\">Adem\u00e1s, en este proyecto participan todas las empresas que de alguna forma y en mayor o menor medida han patrocinado el Campus Tecnol\u00f3gico y que gracias a ellas, este proyecto sigue vivo despu\u00e9s de siete a\u00f1os de existencia.<\/p>\n","protected":false},"excerpt":{"rendered":"<p>Universidad de Granada La Universidad de Granada ha organizado ya siete ediciones del Campus Tecnol\u00f3gico , habiendo obtenido en este proyecto una elevada aceptaci\u00f3n y participaci\u00f3n tanto de profesionales, empresas y entidades oficiales as\u00ed como de diferentes miembros de la comunidad educativa. Adem\u00e1s, la UGR participa activamente en los Campus Cient\u00edficos de Verano, organiza los &hellip; <a href=\"https:\/\/sereingeniera.ugr.es\/index.php\/entidades-2021\/\" class=\"more-link\">Seguir leyendo <span class=\"screen-reader-text\">Entidades 2021<\/span> <span class=\"meta-nav\">&rarr;<\/span><\/a><\/p>\n","protected":false},"author":9,"featured_media":0,"parent":0,"menu_order":0,"comment_status":"closed","ping_status":"closed","template":"","meta":{"footnotes":"","_links_to":"","_links_to_target":""},"class_list":["post-2613","page","type-page","status-publish","hentry"],"yoast_head":"<!-- This site is optimized with the Yoast SEO plugin v27.4 - https:\/\/yoast.com\/product\/yoast-seo-wordpress\/ -->\n<title>Entidades 2021 - Ser\u00e9 Ingeniera<\/title>\n<meta name=\"robots\" content=\"index, follow, max-snippet:-1, max-image-preview:large, max-video-preview:-1\" \/>\n<link rel=\"canonical\" href=\"https:\/\/sereingeniera.ugr.es\/index.php\/entidades-2021\/\" \/>\n<meta property=\"og:locale\" content=\"es_ES\" \/>\n<meta property=\"og:type\" content=\"article\" \/>\n<meta property=\"og:title\" content=\"Entidades 2021 - Ser\u00e9 Ingeniera\" \/>\n<meta property=\"og:description\" content=\"Universidad de Granada La Universidad de Granada ha organizado ya siete ediciones del Campus Tecnol\u00f3gico , habiendo obtenido en este proyecto una elevada aceptaci\u00f3n y participaci\u00f3n tanto de profesionales, empresas y entidades oficiales as\u00ed como de diferentes miembros de la comunidad educativa. Adem\u00e1s, la UGR participa activamente en los Campus Cient\u00edficos de Verano, organiza los &hellip; Seguir leyendo Entidades 2021 &rarr;\" \/>\n<meta property=\"og:url\" content=\"https:\/\/sereingeniera.ugr.es\/index.php\/entidades-2021\/\" \/>\n<meta property=\"og:site_name\" content=\"Ser\u00e9 Ingeniera\" \/>\n<meta property=\"article:modified_time\" content=\"2021-01-29T12:58:09+00:00\" \/>\n<meta property=\"og:image\" content=\"http:\/\/sereingeniera.ugr.es\/wp-content\/uploads\/2018\/01\/LogoUGR-150x150.jpg\" \/>\n<meta name=\"twitter:card\" content=\"summary_large_image\" \/>\n<meta name=\"twitter:label1\" content=\"Tiempo de lectura\" \/>\n\t<meta name=\"twitter:data1\" content=\"1 minuto\" \/>\n<script type=\"application\/ld+json\" class=\"yoast-schema-graph\">{\"@context\":\"https:\\\/\\\/schema.org\",\"@graph\":[{\"@type\":\"WebPage\",\"@id\":\"https:\\\/\\\/sereingeniera.ugr.es\\\/index.php\\\/entidades-2021\\\/\",\"url\":\"https:\\\/\\\/sereingeniera.ugr.es\\\/index.php\\\/entidades-2021\\\/\",\"name\":\"Entidades 2021 - Ser\u00e9 Ingeniera\",\"isPartOf\":{\"@id\":\"https:\\\/\\\/sereingeniera.ugr.es\\\/#website\"},\"primaryImageOfPage\":{\"@id\":\"https:\\\/\\\/sereingeniera.ugr.es\\\/index.php\\\/entidades-2021\\\/#primaryimage\"},\"image\":{\"@id\":\"https:\\\/\\\/sereingeniera.ugr.es\\\/index.php\\\/entidades-2021\\\/#primaryimage\"},\"thumbnailUrl\":\"http:\\\/\\\/sereingeniera.ugr.es\\\/wp-content\\\/uploads\\\/2018\\\/01\\\/LogoUGR-150x150.jpg\",\"datePublished\":\"2021-01-28T23:21:27+00:00\",\"dateModified\":\"2021-01-29T12:58:09+00:00\",\"breadcrumb\":{\"@id\":\"https:\\\/\\\/sereingeniera.ugr.es\\\/index.php\\\/entidades-2021\\\/#breadcrumb\"},\"inLanguage\":\"es\",\"potentialAction\":[{\"@type\":\"ReadAction\",\"target\":[\"https:\\\/\\\/sereingeniera.ugr.es\\\/index.php\\\/entidades-2021\\\/\"]}]},{\"@type\":\"ImageObject\",\"inLanguage\":\"es\",\"@id\":\"https:\\\/\\\/sereingeniera.ugr.es\\\/index.php\\\/entidades-2021\\\/#primaryimage\",\"url\":\"https:\\\/\\\/sereingeniera.ugr.es\\\/wp-content\\\/uploads\\\/2018\\\/01\\\/LogoUGR.jpg\",\"contentUrl\":\"https:\\\/\\\/sereingeniera.ugr.es\\\/wp-content\\\/uploads\\\/2018\\\/01\\\/LogoUGR.jpg\",\"width\":1200,\"height\":1200},{\"@type\":\"BreadcrumbList\",\"@id\":\"https:\\\/\\\/sereingeniera.ugr.es\\\/index.php\\\/entidades-2021\\\/#breadcrumb\",\"itemListElement\":[{\"@type\":\"ListItem\",\"position\":1,\"name\":\"Portada\",\"item\":\"https:\\\/\\\/sereingeniera.ugr.es\\\/\"},{\"@type\":\"ListItem\",\"position\":2,\"name\":\"Entidades 2021\"}]},{\"@type\":\"WebSite\",\"@id\":\"https:\\\/\\\/sereingeniera.ugr.es\\\/#website\",\"url\":\"https:\\\/\\\/sereingeniera.ugr.es\\\/\",\"name\":\"Ser\u00e9 Ingeniera\",\"description\":\"\",\"potentialAction\":[{\"@type\":\"SearchAction\",\"target\":{\"@type\":\"EntryPoint\",\"urlTemplate\":\"https:\\\/\\\/sereingeniera.ugr.es\\\/?s={search_term_string}\"},\"query-input\":{\"@type\":\"PropertyValueSpecification\",\"valueRequired\":true,\"valueName\":\"search_term_string\"}}],\"inLanguage\":\"es\"}]}<\/script>\n<!-- \/ Yoast SEO plugin. -->","yoast_head_json":{"title":"Entidades 2021 - Ser\u00e9 Ingeniera","robots":{"index":"index","follow":"follow","max-snippet":"max-snippet:-1","max-image-preview":"max-image-preview:large","max-video-preview":"max-video-preview:-1"},"canonical":"https:\/\/sereingeniera.ugr.es\/index.php\/entidades-2021\/","og_locale":"es_ES","og_type":"article","og_title":"Entidades 2021 - Ser\u00e9 Ingeniera","og_description":"Universidad de Granada La Universidad de Granada ha organizado ya siete ediciones del Campus Tecnol\u00f3gico , habiendo obtenido en este proyecto una elevada aceptaci\u00f3n y participaci\u00f3n tanto de profesionales, empresas y entidades oficiales as\u00ed como de diferentes miembros de la comunidad educativa. Adem\u00e1s, la UGR participa activamente en los Campus Cient\u00edficos de Verano, organiza los &hellip; Seguir leyendo Entidades 2021 &rarr;","og_url":"https:\/\/sereingeniera.ugr.es\/index.php\/entidades-2021\/","og_site_name":"Ser\u00e9 Ingeniera","article_modified_time":"2021-01-29T12:58:09+00:00","og_image":[{"url":"http:\/\/sereingeniera.ugr.es\/wp-content\/uploads\/2018\/01\/LogoUGR-150x150.jpg","type":"","width":"","height":""}],"twitter_card":"summary_large_image","twitter_misc":{"Tiempo de lectura":"1 minuto"},"schema":{"@context":"https:\/\/schema.org","@graph":[{"@type":"WebPage","@id":"https:\/\/sereingeniera.ugr.es\/index.php\/entidades-2021\/","url":"https:\/\/sereingeniera.ugr.es\/index.php\/entidades-2021\/","name":"Entidades 2021 - Ser\u00e9 Ingeniera","isPartOf":{"@id":"https:\/\/sereingeniera.ugr.es\/#website"},"primaryImageOfPage":{"@id":"https:\/\/sereingeniera.ugr.es\/index.php\/entidades-2021\/#primaryimage"},"image":{"@id":"https:\/\/sereingeniera.ugr.es\/index.php\/entidades-2021\/#primaryimage"},"thumbnailUrl":"http:\/\/sereingeniera.ugr.es\/wp-content\/uploads\/2018\/01\/LogoUGR-150x150.jpg","datePublished":"2021-01-28T23:21:27+00:00","dateModified":"2021-01-29T12:58:09+00:00","breadcrumb":{"@id":"https:\/\/sereingeniera.ugr.es\/index.php\/entidades-2021\/#breadcrumb"},"inLanguage":"es","potentialAction":[{"@type":"ReadAction","target":["https:\/\/sereingeniera.ugr.es\/index.php\/entidades-2021\/"]}]},{"@type":"ImageObject","inLanguage":"es","@id":"https:\/\/sereingeniera.ugr.es\/index.php\/entidades-2021\/#primaryimage","url":"https:\/\/sereingeniera.ugr.es\/wp-content\/uploads\/2018\/01\/LogoUGR.jpg","contentUrl":"https:\/\/sereingeniera.ugr.es\/wp-content\/uploads\/2018\/01\/LogoUGR.jpg","width":1200,"height":1200},{"@type":"BreadcrumbList","@id":"https:\/\/sereingeniera.ugr.es\/index.php\/entidades-2021\/#breadcrumb","itemListElement":[{"@type":"ListItem","position":1,"name":"Portada","item":"https:\/\/sereingeniera.ugr.es\/"},{"@type":"ListItem","position":2,"name":"Entidades 2021"}]},{"@type":"WebSite","@id":"https:\/\/sereingeniera.ugr.es\/#website","url":"https:\/\/sereingeniera.ugr.es\/","name":"Ser\u00e9 Ingeniera","description":"","potentialAction":[{"@type":"SearchAction","target":{"@type":"EntryPoint","urlTemplate":"https:\/\/sereingeniera.ugr.es\/?s={search_term_string}"},"query-input":{"@type":"PropertyValueSpecification","valueRequired":true,"valueName":"search_term_string"}}],"inLanguage":"es"}]}},"_links":{"self":[{"href":"https:\/\/sereingeniera.ugr.es\/index.php\/wp-json\/wp\/v2\/pages\/2613","targetHints":{"allow":["GET"]}}],"collection":[{"href":"https:\/\/sereingeniera.ugr.es\/index.php\/wp-json\/wp\/v2\/pages"}],"about":[{"href":"https:\/\/sereingeniera.ugr.es\/index.php\/wp-json\/wp\/v2\/types\/page"}],"author":[{"embeddable":true,"href":"https:\/\/sereingeniera.ugr.es\/index.php\/wp-json\/wp\/v2\/users\/9"}],"replies":[{"embeddable":true,"href":"https:\/\/sereingeniera.ugr.es\/index.php\/wp-json\/wp\/v2\/comments?post=2613"}],"version-history":[{"count":4,"href":"https:\/\/sereingeniera.ugr.es\/index.php\/wp-json\/wp\/v2\/pages\/2613\/revisions"}],"predecessor-version":[{"id":2691,"href":"https:\/\/sereingeniera.ugr.es\/index.php\/wp-json\/wp\/v2\/pages\/2613\/revisions\/2691"}],"wp:attachment":[{"href":"https:\/\/sereingeniera.ugr.es\/index.php\/wp-json\/wp\/v2\/media?parent=2613"}],"curies":[{"name":"wp","href":"https:\/\/api.w.org\/{rel}","templated":true}]}}