{"id":1971,"date":"2020-01-17T11:31:08","date_gmt":"2020-01-17T10:31:08","guid":{"rendered":"http:\/\/sereingeniera.ugr.es\/?page_id=1971"},"modified":"2020-06-29T19:46:38","modified_gmt":"2020-06-29T18:46:38","slug":"entidades-2020","status":"publish","type":"page","link":"https:\/\/sereingeniera.ugr.es\/index.php\/entidades-2020\/","title":{"rendered":"Entidades 2020"},"content":{"rendered":"\n<h2 class=\"wp-block-heading\"><a rel=\"noreferrer noopener\" href=\"http:\/\/ugr.es\" target=\"_blank\">Universidad de Granada<\/a><\/h2>\n\n\n\n<div class=\"wp-block-image\"><figure class=\"aligncenter is-resized\"><img loading=\"lazy\" decoding=\"async\" src=\"http:\/\/sereingeniera.ugr.es\/wp-content\/uploads\/2018\/01\/LogoUGR-150x150.jpg\" alt=\"Logo UGR\" width=\"171\" height=\"171\"\/><\/figure><\/div>\n\n\n\n<p>La Universidad de Granada ha organizado ya seis ediciones del <strong>Campus Tecnol\u00f3gico<\/strong> ,  habiendo obtenido en este proyecto una elevada aceptaci\u00f3n y  participaci\u00f3n tanto de profesionales, empresas y entidades oficiales as\u00ed  como de diferentes miembros de la comunidad educativa. Adem\u00e1s, la UGR  participa activamente en los <strong>Campus Cient\u00edficos de Verano<\/strong>, organiza los <strong>Campus Infantiles de Software Libre<\/strong>, impulsa el programa de divulgaci\u00f3n A <strong>Ciencia Cerca<\/strong>,  participa en <strong>La Noche Europea de los Investigadores<\/strong>, promueve el programa <strong>Ciencia y Sociedad<\/strong>, organiz\u00f3 el proyecto <strong>Imagina Descubre Crea<\/strong> y, en general, es muy activa en divulgaci\u00f3n.<\/p>\n\n\n\n<p>Adem\u00e1s, en este proyecto participan todas las empresas que de alguna  forma y en mayor o menor medida han patrocinado el Campus Tecnol\u00f3gico y  que gracias a ellas, este proyecto sigue vivo despu\u00e9s de seis a\u00f1os de  existencia. <\/p>\n\n\n\n<h2 class=\"wp-block-heading\"><strong><a href=\"https:\/\/www.fecyt.es\/\">FECYT<\/a><\/strong> <\/h2>\n\n\n\n<figure class=\"wp-block-image size-large\"><img loading=\"lazy\" decoding=\"async\" width=\"1024\" height=\"207\" src=\"http:\/\/sereingeniera.ugr.es\/wp-content\/uploads\/ministerio-fecyt-con-banderas-01_JPG-1024x207.jpg\" alt=\"\" class=\"wp-image-2474\" srcset=\"https:\/\/sereingeniera.ugr.es\/wp-content\/uploads\/ministerio-fecyt-con-banderas-01_JPG-1024x207.jpg 1024w, https:\/\/sereingeniera.ugr.es\/wp-content\/uploads\/ministerio-fecyt-con-banderas-01_JPG-300x61.jpg 300w, https:\/\/sereingeniera.ugr.es\/wp-content\/uploads\/ministerio-fecyt-con-banderas-01_JPG-768x155.jpg 768w, https:\/\/sereingeniera.ugr.es\/wp-content\/uploads\/ministerio-fecyt-con-banderas-01_JPG.jpg 1100w\" sizes=\"auto, (max-width: 1024px) 100vw, 1024px\" \/><\/figure>\n\n\n\n<p>La Fundaci\u00f3n Espa\u00f1ola para la Ciencia y Tecnolog\u00eda, F.S.P. (FECYT) es una fundaci\u00f3n p\u00fablica dependiente del Ministerio de Ciencia e Innovaci\u00f3n. <\/p>\n\n\n\n<p>Su misi\u00f3n es reforzar el vinculo entre la ciencia y la sociedad  mediante acciones que promuevan la ciencia abierta e inclusiva, la cultura y la educaci\u00f3n cient\u00edficas, dando respuesta a las necesidades y retos del Sistema Espa\u00f1ol de Ciencia, Tecnolog\u00eda e Innovaci\u00f3n.<\/p>\n\n\n\n<p>Tienen una serie de objetivos que forman parte de su propuesta de valor, algunos de ellos con los que nos sentimos identificadas en este campus son el fomentar la participaci\u00f3n de la ciudadan\u00eda en la ciencia  y la innovaci\u00f3n , incrementar la educaci\u00f3n y cultura cient\u00edficas, y promover la ciencia y la innovaci\u00f3n abierta y global.<\/p>\n","protected":false},"excerpt":{"rendered":"<p>Universidad de Granada La Universidad de Granada ha organizado ya seis ediciones del Campus Tecnol\u00f3gico , habiendo obtenido en este proyecto una elevada aceptaci\u00f3n y participaci\u00f3n tanto de profesionales, empresas y entidades oficiales as\u00ed como de diferentes miembros de la comunidad educativa. Adem\u00e1s, la UGR participa activamente en los Campus Cient\u00edficos de Verano, organiza los &hellip; <a href=\"https:\/\/sereingeniera.ugr.es\/index.php\/entidades-2020\/\" class=\"more-link\">Seguir leyendo <span class=\"screen-reader-text\">Entidades 2020<\/span> <span class=\"meta-nav\">&rarr;<\/span><\/a><\/p>\n","protected":false},"author":1,"featured_media":0,"parent":0,"menu_order":0,"comment_status":"closed","ping_status":"closed","template":"","meta":{"footnotes":"","_links_to":"","_links_to_target":""},"class_list":["post-1971","page","type-page","status-publish","hentry"],"yoast_head":"<!-- This site is optimized with the Yoast SEO plugin v27.6 - https:\/\/yoast.com\/product\/yoast-seo-wordpress\/ -->\n<title>Entidades 2020 - Ser\u00e9 Ingeniera<\/title>\n<meta name=\"robots\" content=\"index, follow, max-snippet:-1, max-image-preview:large, max-video-preview:-1\" \/>\n<link rel=\"canonical\" href=\"https:\/\/sereingeniera.ugr.es\/index.php\/entidades-2020\/\" \/>\n<meta property=\"og:locale\" content=\"es_ES\" \/>\n<meta property=\"og:type\" content=\"article\" \/>\n<meta property=\"og:title\" content=\"Entidades 2020 - Ser\u00e9 Ingeniera\" \/>\n<meta property=\"og:description\" content=\"Universidad de Granada La Universidad de Granada ha organizado ya seis ediciones del Campus Tecnol\u00f3gico , habiendo obtenido en este proyecto una elevada aceptaci\u00f3n y participaci\u00f3n tanto de profesionales, empresas y entidades oficiales as\u00ed como de diferentes miembros de la comunidad educativa. Adem\u00e1s, la UGR participa activamente en los Campus Cient\u00edficos de Verano, organiza los &hellip; Seguir leyendo Entidades 2020 &rarr;\" \/>\n<meta property=\"og:url\" content=\"https:\/\/sereingeniera.ugr.es\/index.php\/entidades-2020\/\" \/>\n<meta property=\"og:site_name\" content=\"Ser\u00e9 Ingeniera\" \/>\n<meta property=\"article:modified_time\" content=\"2020-06-29T18:46:38+00:00\" \/>\n<meta property=\"og:image\" content=\"http:\/\/sereingeniera.ugr.es\/wp-content\/uploads\/2018\/01\/LogoUGR-150x150.jpg\" \/>\n<meta name=\"twitter:card\" content=\"summary_large_image\" \/>\n<meta name=\"twitter:label1\" content=\"Tiempo de lectura\" \/>\n\t<meta name=\"twitter:data1\" content=\"1 minuto\" \/>\n<script type=\"application\/ld+json\" class=\"yoast-schema-graph\">{\"@context\":\"https:\\\/\\\/schema.org\",\"@graph\":[{\"@type\":\"WebPage\",\"@id\":\"https:\\\/\\\/sereingeniera.ugr.es\\\/index.php\\\/entidades-2020\\\/\",\"url\":\"https:\\\/\\\/sereingeniera.ugr.es\\\/index.php\\\/entidades-2020\\\/\",\"name\":\"Entidades 2020 - Ser\u00e9 Ingeniera\",\"isPartOf\":{\"@id\":\"https:\\\/\\\/sereingeniera.ugr.es\\\/#website\"},\"primaryImageOfPage\":{\"@id\":\"https:\\\/\\\/sereingeniera.ugr.es\\\/index.php\\\/entidades-2020\\\/#primaryimage\"},\"image\":{\"@id\":\"https:\\\/\\\/sereingeniera.ugr.es\\\/index.php\\\/entidades-2020\\\/#primaryimage\"},\"thumbnailUrl\":\"http:\\\/\\\/sereingeniera.ugr.es\\\/wp-content\\\/uploads\\\/2018\\\/01\\\/LogoUGR-150x150.jpg\",\"datePublished\":\"2020-01-17T10:31:08+00:00\",\"dateModified\":\"2020-06-29T18:46:38+00:00\",\"breadcrumb\":{\"@id\":\"https:\\\/\\\/sereingeniera.ugr.es\\\/index.php\\\/entidades-2020\\\/#breadcrumb\"},\"inLanguage\":\"es\",\"potentialAction\":[{\"@type\":\"ReadAction\",\"target\":[\"https:\\\/\\\/sereingeniera.ugr.es\\\/index.php\\\/entidades-2020\\\/\"]}]},{\"@type\":\"ImageObject\",\"inLanguage\":\"es\",\"@id\":\"https:\\\/\\\/sereingeniera.ugr.es\\\/index.php\\\/entidades-2020\\\/#primaryimage\",\"url\":\"https:\\\/\\\/sereingeniera.ugr.es\\\/wp-content\\\/uploads\\\/2018\\\/01\\\/LogoUGR.jpg\",\"contentUrl\":\"https:\\\/\\\/sereingeniera.ugr.es\\\/wp-content\\\/uploads\\\/2018\\\/01\\\/LogoUGR.jpg\",\"width\":1200,\"height\":1200},{\"@type\":\"BreadcrumbList\",\"@id\":\"https:\\\/\\\/sereingeniera.ugr.es\\\/index.php\\\/entidades-2020\\\/#breadcrumb\",\"itemListElement\":[{\"@type\":\"ListItem\",\"position\":1,\"name\":\"Portada\",\"item\":\"https:\\\/\\\/sereingeniera.ugr.es\\\/\"},{\"@type\":\"ListItem\",\"position\":2,\"name\":\"Entidades 2020\"}]},{\"@type\":\"WebSite\",\"@id\":\"https:\\\/\\\/sereingeniera.ugr.es\\\/#website\",\"url\":\"https:\\\/\\\/sereingeniera.ugr.es\\\/\",\"name\":\"Ser\u00e9 Ingeniera\",\"description\":\"\",\"potentialAction\":[{\"@type\":\"SearchAction\",\"target\":{\"@type\":\"EntryPoint\",\"urlTemplate\":\"https:\\\/\\\/sereingeniera.ugr.es\\\/?s={search_term_string}\"},\"query-input\":{\"@type\":\"PropertyValueSpecification\",\"valueRequired\":true,\"valueName\":\"search_term_string\"}}],\"inLanguage\":\"es\"}]}<\/script>\n<!-- \/ Yoast SEO plugin. -->","yoast_head_json":{"title":"Entidades 2020 - Ser\u00e9 Ingeniera","robots":{"index":"index","follow":"follow","max-snippet":"max-snippet:-1","max-image-preview":"max-image-preview:large","max-video-preview":"max-video-preview:-1"},"canonical":"https:\/\/sereingeniera.ugr.es\/index.php\/entidades-2020\/","og_locale":"es_ES","og_type":"article","og_title":"Entidades 2020 - Ser\u00e9 Ingeniera","og_description":"Universidad de Granada La Universidad de Granada ha organizado ya seis ediciones del Campus Tecnol\u00f3gico , habiendo obtenido en este proyecto una elevada aceptaci\u00f3n y participaci\u00f3n tanto de profesionales, empresas y entidades oficiales as\u00ed como de diferentes miembros de la comunidad educativa. Adem\u00e1s, la UGR participa activamente en los Campus Cient\u00edficos de Verano, organiza los &hellip; Seguir leyendo Entidades 2020 &rarr;","og_url":"https:\/\/sereingeniera.ugr.es\/index.php\/entidades-2020\/","og_site_name":"Ser\u00e9 Ingeniera","article_modified_time":"2020-06-29T18:46:38+00:00","og_image":[{"url":"http:\/\/sereingeniera.ugr.es\/wp-content\/uploads\/2018\/01\/LogoUGR-150x150.jpg","type":"","width":"","height":""}],"twitter_card":"summary_large_image","twitter_misc":{"Tiempo de lectura":"1 minuto"},"schema":{"@context":"https:\/\/schema.org","@graph":[{"@type":"WebPage","@id":"https:\/\/sereingeniera.ugr.es\/index.php\/entidades-2020\/","url":"https:\/\/sereingeniera.ugr.es\/index.php\/entidades-2020\/","name":"Entidades 2020 - Ser\u00e9 Ingeniera","isPartOf":{"@id":"https:\/\/sereingeniera.ugr.es\/#website"},"primaryImageOfPage":{"@id":"https:\/\/sereingeniera.ugr.es\/index.php\/entidades-2020\/#primaryimage"},"image":{"@id":"https:\/\/sereingeniera.ugr.es\/index.php\/entidades-2020\/#primaryimage"},"thumbnailUrl":"http:\/\/sereingeniera.ugr.es\/wp-content\/uploads\/2018\/01\/LogoUGR-150x150.jpg","datePublished":"2020-01-17T10:31:08+00:00","dateModified":"2020-06-29T18:46:38+00:00","breadcrumb":{"@id":"https:\/\/sereingeniera.ugr.es\/index.php\/entidades-2020\/#breadcrumb"},"inLanguage":"es","potentialAction":[{"@type":"ReadAction","target":["https:\/\/sereingeniera.ugr.es\/index.php\/entidades-2020\/"]}]},{"@type":"ImageObject","inLanguage":"es","@id":"https:\/\/sereingeniera.ugr.es\/index.php\/entidades-2020\/#primaryimage","url":"https:\/\/sereingeniera.ugr.es\/wp-content\/uploads\/2018\/01\/LogoUGR.jpg","contentUrl":"https:\/\/sereingeniera.ugr.es\/wp-content\/uploads\/2018\/01\/LogoUGR.jpg","width":1200,"height":1200},{"@type":"BreadcrumbList","@id":"https:\/\/sereingeniera.ugr.es\/index.php\/entidades-2020\/#breadcrumb","itemListElement":[{"@type":"ListItem","position":1,"name":"Portada","item":"https:\/\/sereingeniera.ugr.es\/"},{"@type":"ListItem","position":2,"name":"Entidades 2020"}]},{"@type":"WebSite","@id":"https:\/\/sereingeniera.ugr.es\/#website","url":"https:\/\/sereingeniera.ugr.es\/","name":"Ser\u00e9 Ingeniera","description":"","potentialAction":[{"@type":"SearchAction","target":{"@type":"EntryPoint","urlTemplate":"https:\/\/sereingeniera.ugr.es\/?s={search_term_string}"},"query-input":{"@type":"PropertyValueSpecification","valueRequired":true,"valueName":"search_term_string"}}],"inLanguage":"es"}]}},"_links":{"self":[{"href":"https:\/\/sereingeniera.ugr.es\/index.php\/wp-json\/wp\/v2\/pages\/1971","targetHints":{"allow":["GET"]}}],"collection":[{"href":"https:\/\/sereingeniera.ugr.es\/index.php\/wp-json\/wp\/v2\/pages"}],"about":[{"href":"https:\/\/sereingeniera.ugr.es\/index.php\/wp-json\/wp\/v2\/types\/page"}],"author":[{"embeddable":true,"href":"https:\/\/sereingeniera.ugr.es\/index.php\/wp-json\/wp\/v2\/users\/1"}],"replies":[{"embeddable":true,"href":"https:\/\/sereingeniera.ugr.es\/index.php\/wp-json\/wp\/v2\/comments?post=1971"}],"version-history":[{"count":7,"href":"https:\/\/sereingeniera.ugr.es\/index.php\/wp-json\/wp\/v2\/pages\/1971\/revisions"}],"predecessor-version":[{"id":2480,"href":"https:\/\/sereingeniera.ugr.es\/index.php\/wp-json\/wp\/v2\/pages\/1971\/revisions\/2480"}],"wp:attachment":[{"href":"https:\/\/sereingeniera.ugr.es\/index.php\/wp-json\/wp\/v2\/media?parent=1971"}],"curies":[{"name":"wp","href":"https:\/\/api.w.org\/{rel}","templated":true}]}}