{"id":1526,"date":"2019-05-09T10:43:28","date_gmt":"2019-05-09T09:43:28","guid":{"rendered":"http:\/\/sereingeniera.ugr.es\/?page_id=1526"},"modified":"2019-05-09T10:51:01","modified_gmt":"2019-05-09T09:51:01","slug":"entidades-2019","status":"publish","type":"page","link":"https:\/\/sereingeniera.ugr.es\/index.php\/entidades-2019\/","title":{"rendered":"ENTIDADES 2019"},"content":{"rendered":"<h3><a href=\"http:\/\/ugr.es\" target=\"_blank\" rel=\"noopener\">Universidad de Granada<\/a><\/h3>\n<p><a href=\"http:\/\/ugr.es\"><img loading=\"lazy\" decoding=\"async\" class=\"aligncenter wp-image-792\" src=\"http:\/\/sereingeniera.ugr.es\/wp-content\/uploads\/2018\/01\/LogoUGR-150x150.jpg\" alt=\"Logo UGR\" width=\"200\" height=\"200\" srcset=\"https:\/\/sereingeniera.ugr.es\/wp-content\/uploads\/2018\/01\/LogoUGR-150x150.jpg 150w, https:\/\/sereingeniera.ugr.es\/wp-content\/uploads\/2018\/01\/LogoUGR-300x300.jpg 300w, https:\/\/sereingeniera.ugr.es\/wp-content\/uploads\/2018\/01\/LogoUGR-768x768.jpg 768w, https:\/\/sereingeniera.ugr.es\/wp-content\/uploads\/2018\/01\/LogoUGR-1024x1024.jpg 1024w, https:\/\/sereingeniera.ugr.es\/wp-content\/uploads\/2018\/01\/LogoUGR.jpg 1200w\" sizes=\"auto, (max-width: 200px) 100vw, 200px\" \/><\/a><\/p>\n<p>La Universidad de Granada ha organizado ya cinco ediciones del <strong>Campus Tecnol\u00f3gico<\/strong> y tres ediciones de la <strong>Jornada Docente<\/strong>, habiendo obtenido en ambos proyectos una elevada aceptaci\u00f3n y participaci\u00f3n tanto de profesionales, empresas y entidades oficiales as\u00ed como de diferentes miembros de la comunidad educativa. Adem\u00e1s, la UGR participa activamente en los <strong>Campus Cient\u00edficos de Verano<\/strong>, organiza los <strong>Campus Infantiles de Software Libre<\/strong>, acoge la iniciativa <strong>Geek &amp; Tech Girls<\/strong>, impulsa el programa de divulgaci\u00f3n A <strong>Ciencia Cerca<\/strong>, organiza el proyecto <strong>Imagina Descubre Crea<\/strong>, participa en <strong>La Noche <\/strong><strong>Europea de los Investigadores<\/strong>, promueve el programa <strong>Ciencia y Sociedad<\/strong> y, en general, es muy activa en divulgaci\u00f3n.<\/p>\n<p>Adem\u00e1s, en este proyecto participan todas las empresas que de alguna forma y en mayor o menor medida han patrocinado el Campus Tecnol\u00f3gico y que gracias a ellas, este proyecto sigue vivo despu\u00e9s de seis a\u00f1os de existencia.<\/p>\n<p>&nbsp;<\/p>\n<h3><\/h3>\n<h3><a href=\"http:\/\/www.inmujer.gob.es\/\" target=\"_blank\" rel=\"noopener\">Instituto de la Mujer y para la Igualdad de Oportunidades<\/a><\/h3>\n<p><img loading=\"lazy\" decoding=\"async\" class=\"alignnone size-medium wp-image-1450\" src=\"http:\/\/sereingeniera.ugr.es\/wp-content\/uploads\/photo5911253976312033582-300x256.jpg\" alt=\"https:\/\/quieroseringeniera.ugr.es\/\" width=\"300\" height=\"256\" srcset=\"https:\/\/sereingeniera.ugr.es\/wp-content\/uploads\/photo5911253976312033582-300x256.jpg 300w, https:\/\/sereingeniera.ugr.es\/wp-content\/uploads\/photo5911253976312033582-768x656.jpg 768w, https:\/\/sereingeniera.ugr.es\/wp-content\/uploads\/photo5911253976312033582-1024x874.jpg 1024w, https:\/\/sereingeniera.ugr.es\/wp-content\/uploads\/photo5911253976312033582.jpg 1452w\" sizes=\"auto, (max-width: 300px) 100vw, 300px\" \/><\/p>\n<p><strong>El Instituto de la Mujer y para la Igualdad de Oportunidades (IMIO)<\/strong> es un organismo aut\u00f3nomo adscrito al Ministerio de la Presidencia, Relaciones con las Cortes e Igualdad, que tiene como funciones el promover y fomentar la<strong> igualdad<\/strong> de ambos sexos, facilitando las condiciones para la participaci\u00f3n efectiva de las mujeres en la vida pol\u00edtica, cultural, econ\u00f3mica y social, as\u00ed como la de impulsar pol\u00edticas activas para el empleo y el autoempleo de las mujeres y la de fomentar y desarrollar la aplicaci\u00f3n transversal del <strong>principio de igualdad de trato y no discriminaci\u00f3n<\/strong>.<\/p>\n<p>&nbsp;<\/p>\n<p>El Instituto de la Mujer y para la Igualdad de Oportunidades tiene como finalidad primordial la promoci\u00f3n y el fomento de las condiciones que posibilitan la <strong>igualdad social de ambos sexos<\/strong> y la participaci\u00f3n de la mujer en la vida pol\u00edtica, cultural, econ\u00f3mica y social, as\u00ed como la prevenci\u00f3n y <strong>eliminaci\u00f3n de toda clase de discriminaci\u00f3n<\/strong> de las personas por raz\u00f3n de nacimiento, sexo, origen racial o \u00e9tnico, religi\u00f3n o ideolog\u00eda, orientaci\u00f3n o identidad sexual, edad, discapacidad o cualquier otra condici\u00f3n o circunstancia personal o social.<\/p>\n<p>&nbsp;<\/p>\n<p>&nbsp;<\/p>\n","protected":false},"excerpt":{"rendered":"<p>Universidad de Granada La Universidad de Granada ha organizado ya cinco ediciones del Campus Tecnol\u00f3gico y tres ediciones de la Jornada Docente, habiendo obtenido en ambos proyectos una elevada aceptaci\u00f3n y participaci\u00f3n tanto de profesionales, empresas y entidades oficiales as\u00ed como de diferentes miembros de la comunidad educativa. Adem\u00e1s, la UGR participa activamente en los &hellip; <a href=\"https:\/\/sereingeniera.ugr.es\/index.php\/entidades-2019\/\" class=\"more-link\">Seguir leyendo <span class=\"screen-reader-text\">ENTIDADES 2019<\/span> <span class=\"meta-nav\">&rarr;<\/span><\/a><\/p>\n","protected":false},"author":10,"featured_media":0,"parent":0,"menu_order":0,"comment_status":"closed","ping_status":"closed","template":"","meta":{"footnotes":"","_links_to":"","_links_to_target":""},"class_list":["post-1526","page","type-page","status-publish","hentry"],"yoast_head":"<!-- This site is optimized with the Yoast SEO plugin v27.6 - https:\/\/yoast.com\/product\/yoast-seo-wordpress\/ -->\n<title>ENTIDADES 2019 - Ser\u00e9 Ingeniera<\/title>\n<meta name=\"robots\" content=\"index, follow, max-snippet:-1, max-image-preview:large, max-video-preview:-1\" \/>\n<link rel=\"canonical\" href=\"https:\/\/sereingeniera.ugr.es\/index.php\/entidades-2019\/\" \/>\n<meta property=\"og:locale\" content=\"es_ES\" \/>\n<meta property=\"og:type\" content=\"article\" \/>\n<meta property=\"og:title\" content=\"ENTIDADES 2019 - Ser\u00e9 Ingeniera\" \/>\n<meta property=\"og:description\" content=\"Universidad de Granada La Universidad de Granada ha organizado ya cinco ediciones del Campus Tecnol\u00f3gico y tres ediciones de la Jornada Docente, habiendo obtenido en ambos proyectos una elevada aceptaci\u00f3n y participaci\u00f3n tanto de profesionales, empresas y entidades oficiales as\u00ed como de diferentes miembros de la comunidad educativa. Adem\u00e1s, la UGR participa activamente en los &hellip; Seguir leyendo ENTIDADES 2019 &rarr;\" \/>\n<meta property=\"og:url\" content=\"https:\/\/sereingeniera.ugr.es\/index.php\/entidades-2019\/\" \/>\n<meta property=\"og:site_name\" content=\"Ser\u00e9 Ingeniera\" \/>\n<meta property=\"article:modified_time\" content=\"2019-05-09T09:51:01+00:00\" \/>\n<meta property=\"og:image\" content=\"http:\/\/sereingeniera.ugr.es\/wp-content\/uploads\/2018\/01\/LogoUGR-150x150.jpg\" \/>\n<meta name=\"twitter:card\" content=\"summary_large_image\" \/>\n<meta name=\"twitter:label1\" content=\"Tiempo de lectura\" \/>\n\t<meta name=\"twitter:data1\" content=\"2 minutos\" \/>\n<script type=\"application\/ld+json\" class=\"yoast-schema-graph\">{\"@context\":\"https:\\\/\\\/schema.org\",\"@graph\":[{\"@type\":\"WebPage\",\"@id\":\"https:\\\/\\\/sereingeniera.ugr.es\\\/index.php\\\/entidades-2019\\\/\",\"url\":\"https:\\\/\\\/sereingeniera.ugr.es\\\/index.php\\\/entidades-2019\\\/\",\"name\":\"ENTIDADES 2019 - Ser\u00e9 Ingeniera\",\"isPartOf\":{\"@id\":\"https:\\\/\\\/sereingeniera.ugr.es\\\/#website\"},\"primaryImageOfPage\":{\"@id\":\"https:\\\/\\\/sereingeniera.ugr.es\\\/index.php\\\/entidades-2019\\\/#primaryimage\"},\"image\":{\"@id\":\"https:\\\/\\\/sereingeniera.ugr.es\\\/index.php\\\/entidades-2019\\\/#primaryimage\"},\"thumbnailUrl\":\"http:\\\/\\\/sereingeniera.ugr.es\\\/wp-content\\\/uploads\\\/2018\\\/01\\\/LogoUGR-150x150.jpg\",\"datePublished\":\"2019-05-09T09:43:28+00:00\",\"dateModified\":\"2019-05-09T09:51:01+00:00\",\"breadcrumb\":{\"@id\":\"https:\\\/\\\/sereingeniera.ugr.es\\\/index.php\\\/entidades-2019\\\/#breadcrumb\"},\"inLanguage\":\"es\",\"potentialAction\":[{\"@type\":\"ReadAction\",\"target\":[\"https:\\\/\\\/sereingeniera.ugr.es\\\/index.php\\\/entidades-2019\\\/\"]}]},{\"@type\":\"ImageObject\",\"inLanguage\":\"es\",\"@id\":\"https:\\\/\\\/sereingeniera.ugr.es\\\/index.php\\\/entidades-2019\\\/#primaryimage\",\"url\":\"https:\\\/\\\/sereingeniera.ugr.es\\\/wp-content\\\/uploads\\\/2018\\\/01\\\/LogoUGR.jpg\",\"contentUrl\":\"https:\\\/\\\/sereingeniera.ugr.es\\\/wp-content\\\/uploads\\\/2018\\\/01\\\/LogoUGR.jpg\",\"width\":1200,\"height\":1200},{\"@type\":\"BreadcrumbList\",\"@id\":\"https:\\\/\\\/sereingeniera.ugr.es\\\/index.php\\\/entidades-2019\\\/#breadcrumb\",\"itemListElement\":[{\"@type\":\"ListItem\",\"position\":1,\"name\":\"Portada\",\"item\":\"https:\\\/\\\/sereingeniera.ugr.es\\\/\"},{\"@type\":\"ListItem\",\"position\":2,\"name\":\"ENTIDADES 2019\"}]},{\"@type\":\"WebSite\",\"@id\":\"https:\\\/\\\/sereingeniera.ugr.es\\\/#website\",\"url\":\"https:\\\/\\\/sereingeniera.ugr.es\\\/\",\"name\":\"Ser\u00e9 Ingeniera\",\"description\":\"\",\"potentialAction\":[{\"@type\":\"SearchAction\",\"target\":{\"@type\":\"EntryPoint\",\"urlTemplate\":\"https:\\\/\\\/sereingeniera.ugr.es\\\/?s={search_term_string}\"},\"query-input\":{\"@type\":\"PropertyValueSpecification\",\"valueRequired\":true,\"valueName\":\"search_term_string\"}}],\"inLanguage\":\"es\"}]}<\/script>\n<!-- \/ Yoast SEO plugin. -->","yoast_head_json":{"title":"ENTIDADES 2019 - Ser\u00e9 Ingeniera","robots":{"index":"index","follow":"follow","max-snippet":"max-snippet:-1","max-image-preview":"max-image-preview:large","max-video-preview":"max-video-preview:-1"},"canonical":"https:\/\/sereingeniera.ugr.es\/index.php\/entidades-2019\/","og_locale":"es_ES","og_type":"article","og_title":"ENTIDADES 2019 - Ser\u00e9 Ingeniera","og_description":"Universidad de Granada La Universidad de Granada ha organizado ya cinco ediciones del Campus Tecnol\u00f3gico y tres ediciones de la Jornada Docente, habiendo obtenido en ambos proyectos una elevada aceptaci\u00f3n y participaci\u00f3n tanto de profesionales, empresas y entidades oficiales as\u00ed como de diferentes miembros de la comunidad educativa. Adem\u00e1s, la UGR participa activamente en los &hellip; Seguir leyendo ENTIDADES 2019 &rarr;","og_url":"https:\/\/sereingeniera.ugr.es\/index.php\/entidades-2019\/","og_site_name":"Ser\u00e9 Ingeniera","article_modified_time":"2019-05-09T09:51:01+00:00","og_image":[{"url":"http:\/\/sereingeniera.ugr.es\/wp-content\/uploads\/2018\/01\/LogoUGR-150x150.jpg","type":"","width":"","height":""}],"twitter_card":"summary_large_image","twitter_misc":{"Tiempo de lectura":"2 minutos"},"schema":{"@context":"https:\/\/schema.org","@graph":[{"@type":"WebPage","@id":"https:\/\/sereingeniera.ugr.es\/index.php\/entidades-2019\/","url":"https:\/\/sereingeniera.ugr.es\/index.php\/entidades-2019\/","name":"ENTIDADES 2019 - Ser\u00e9 Ingeniera","isPartOf":{"@id":"https:\/\/sereingeniera.ugr.es\/#website"},"primaryImageOfPage":{"@id":"https:\/\/sereingeniera.ugr.es\/index.php\/entidades-2019\/#primaryimage"},"image":{"@id":"https:\/\/sereingeniera.ugr.es\/index.php\/entidades-2019\/#primaryimage"},"thumbnailUrl":"http:\/\/sereingeniera.ugr.es\/wp-content\/uploads\/2018\/01\/LogoUGR-150x150.jpg","datePublished":"2019-05-09T09:43:28+00:00","dateModified":"2019-05-09T09:51:01+00:00","breadcrumb":{"@id":"https:\/\/sereingeniera.ugr.es\/index.php\/entidades-2019\/#breadcrumb"},"inLanguage":"es","potentialAction":[{"@type":"ReadAction","target":["https:\/\/sereingeniera.ugr.es\/index.php\/entidades-2019\/"]}]},{"@type":"ImageObject","inLanguage":"es","@id":"https:\/\/sereingeniera.ugr.es\/index.php\/entidades-2019\/#primaryimage","url":"https:\/\/sereingeniera.ugr.es\/wp-content\/uploads\/2018\/01\/LogoUGR.jpg","contentUrl":"https:\/\/sereingeniera.ugr.es\/wp-content\/uploads\/2018\/01\/LogoUGR.jpg","width":1200,"height":1200},{"@type":"BreadcrumbList","@id":"https:\/\/sereingeniera.ugr.es\/index.php\/entidades-2019\/#breadcrumb","itemListElement":[{"@type":"ListItem","position":1,"name":"Portada","item":"https:\/\/sereingeniera.ugr.es\/"},{"@type":"ListItem","position":2,"name":"ENTIDADES 2019"}]},{"@type":"WebSite","@id":"https:\/\/sereingeniera.ugr.es\/#website","url":"https:\/\/sereingeniera.ugr.es\/","name":"Ser\u00e9 Ingeniera","description":"","potentialAction":[{"@type":"SearchAction","target":{"@type":"EntryPoint","urlTemplate":"https:\/\/sereingeniera.ugr.es\/?s={search_term_string}"},"query-input":{"@type":"PropertyValueSpecification","valueRequired":true,"valueName":"search_term_string"}}],"inLanguage":"es"}]}},"_links":{"self":[{"href":"https:\/\/sereingeniera.ugr.es\/index.php\/wp-json\/wp\/v2\/pages\/1526","targetHints":{"allow":["GET"]}}],"collection":[{"href":"https:\/\/sereingeniera.ugr.es\/index.php\/wp-json\/wp\/v2\/pages"}],"about":[{"href":"https:\/\/sereingeniera.ugr.es\/index.php\/wp-json\/wp\/v2\/types\/page"}],"author":[{"embeddable":true,"href":"https:\/\/sereingeniera.ugr.es\/index.php\/wp-json\/wp\/v2\/users\/10"}],"replies":[{"embeddable":true,"href":"https:\/\/sereingeniera.ugr.es\/index.php\/wp-json\/wp\/v2\/comments?post=1526"}],"version-history":[{"count":2,"href":"https:\/\/sereingeniera.ugr.es\/index.php\/wp-json\/wp\/v2\/pages\/1526\/revisions"}],"predecessor-version":[{"id":1533,"href":"https:\/\/sereingeniera.ugr.es\/index.php\/wp-json\/wp\/v2\/pages\/1526\/revisions\/1533"}],"wp:attachment":[{"href":"https:\/\/sereingeniera.ugr.es\/index.php\/wp-json\/wp\/v2\/media?parent=1526"}],"curies":[{"name":"wp","href":"https:\/\/api.w.org\/{rel}","templated":true}]}}